{"id":2261,"date":"2017-03-16T12:31:34","date_gmt":"2017-03-16T11:31:34","guid":{"rendered":"https:\/\/www.eloquentia.biz\/?page_id=2261"},"modified":"2020-11-18T14:33:34","modified_gmt":"2020-11-18T13:33:34","slug":"drie-goede-redenen-tolkopdrachten","status":"publish","type":"page","link":"https:\/\/www.eloquentia.biz\/nl\/drie-goede-redenen-tolkopdrachten\/","title":{"rendered":"Tolkopdrachten: drie goede redenen"},"content":{"rendered":"<h3>om <span style=\"color: #faaf00;\">niet<\/span> voor Eloquentia te kiezen!<\/h3>\n<h2>Reden 1: kies <span style=\"color: #faaf00;\">niet voor Eloquentia <\/span>als het voor u al goed genoeg is als de tolken er een slag in kunnen slaan.<\/h2>\n<p>U verwacht namelijk niet dat de tolken ook uw vakjargon beheersen. Dat krijgen ze toch niet voor elkaar. En dan nog in verschillende talen. Dat ze de boodschap van de sprekers maar ongeveer verwoord krijgen, dat is nu eenmaal zo. Dat neemt u erbij, omdat het niet anders kan. Tja, dan heeft u eigenlijk de professionele tolken van Eloquentia niet nodig.<\/p>\n<p>Want de tolken van <a href=\"https:\/\/www.eloquentia.biz\/nl\/\">Eloquentia<\/a> zijn stuk voor stuk professioneel geschoold. Ook boodschappen met vakjargon wensen zij correct over te brengen. Daartoe dient hun grondige voorbereiding op elke opdracht. Elk document dat u ter beschikking kan stellen, zal van belang zijn voor de tolken om zich het vakjargon vooraf eigen te maken. Zijn die documenten niet voorhanden, dan zullen de tolken termenbanken en andere bronnen raadplegen.<\/p>\n<h3><span style=\"color: #faaf00;\">Wenst u toch een beroep te doen op tolken die er prat op gaan dat ze zich grondig voorbereiden op elke tolkopdracht?<\/span><\/h3>\n<h3>Vraag dan alvast een offerte aan, <a href=\"mailto:info@eloquentia.biz\">per mail<\/a> of per telefoon (+32 (0) 472 76 54 55).<\/h3>\n<h2>Reden 2: kies <span style=\"color: #faaf00;\">niet voor Eloquentia <\/span>als u met \u00e9\u00e9n tolk toch meer dan genoeg heeft.<\/h2>\n<p>Zolang u maar de tolk vindt die de talen beheerst die u nodig heeft, dan is de kous toch af? Waarom zou u meerdere tolken nodig hebben? Zeker als het maar om \u00e9\u00e9n taal gaat. Die \u00e9ne tolk kan dat toch allemaal voor zijn rekening nemen? Tja, dan kunt u niet rekenen op de volgehouden prestatie en de kwaliteit in elke taal waar Eloquentia voor staat.<\/p>\n<p>Want <a href=\"https:\/\/www.eloquentia.biz\/nl\/\">Eloquentia<\/a>\u00a0houdt eraan ervoor te zorgen dat u als klant kunt rekenen op topkwaliteit van het tolkwerk, in elke taal en van het begin van uw evenement of vergadering tot het einde. Om dat te garanderen, zullen we doorgaans per taal twee tolken inzetten. Tolken leveren namelijk zo\u2019n intense inspanning dat de ze elkaar in principe om het half uur aflossen. Daarna worden ze door een collega afgelost. En zo weet u dat uw evenement of vergadering van het begin tot het einde met dezelfde juistheid wordt getolkt.<\/p>\n<h3><span style=\"color: #faaf00;\">Rekent u toch liever op kwaliteitsvol tolkwerk, van de eerste tot de laatste minuut?<\/span><\/h3>\n<h3>Vraag dan alvast een offerte aan, <a href=\"mailto:info@eloquentia.biz\">per mail<\/a> of per telefoon (+32 (0) 472 76 54 55).<\/h3>\n<h2>Reden 3: kies <span style=\"color: #faaf00;\">niet voor Eloquentia<\/span> als voorbereiding voor u tijdverlies is, en u ziet ter plekke wel hoe u het tolkwerk organiseert.<\/h2>\n<p>Alles vooraf tot in de puntjes regelen, is volgens u onbegonnen werk. Hoe u het concreet aanpakt, dat ziet u op het moment zelf wel. Er is aan alles wel een mouw te passen. Tja, dan zal de voorbereiding die Eloquentia u voorstelt, niet van pas komen.<\/p>\n<p>Want bij <a href=\"https:\/\/www.eloquentia.biz\/nl\/\">Eloquentia<\/a> weten we uit ervaring dat improviseren tijdens uw vergadering of evenement uit den boze is. Wij bekijken op voorhand en samen met u hoeveel tolken u precies nodig heeft, hoe uw publiek samengesteld is, welk materiaal er ter plekke voorhanden is en welk materiaal wij eventueel moeten aanbieden. Omdat we er dan zeker van kunnen zijn dat al uw toehoorders even vlot uw boodschap kunnen volgen.<\/p>\n<h3><span style=\"color: #faaf00;\">Wilt u toch graag dat alle praktische en technische aspecten van uw vergadering of evenement tot in de puntjes voorbereid zijn?<\/span><\/h3>\n<h3>Vraag dan alvast een offerte aan, <a href=\"mailto:info@eloquentia.biz\">per mail<\/a> of per telefoon (+32 (0) 472 76 54 55).<\/h3>\n","protected":false},"excerpt":{"rendered":"<p>om niet voor Eloquentia te kiezen! Reden 1: kies niet voor Eloquentia als het voor u al goed genoeg is als de tolken er een slag in kunnen slaan. U verwacht namelijk niet dat de tolken ook uw vakjargon beheersen. Dat krijgen ze toch niet voor elkaar. En dan nog in verschillende talen. Dat ze &hellip; <a href=\"https:\/\/www.eloquentia.biz\/nl\/drie-goede-redenen-tolkopdrachten\/\" class=\"more-link\">Continue reading<span class=\"screen-reader-text\"> &#8220;Tolkopdrachten: drie goede redenen&#8221;<\/span><\/a><\/p>\n","protected":false},"author":5,"featured_media":0,"parent":0,"menu_order":0,"comment_status":"closed","ping_status":"closed","template":"","meta":{"_s2mail":"yes"},"yoast_head":"<!-- This site is optimized with the Yoast SEO plugin v20.8 - https:\/\/yoast.com\/wordpress\/plugins\/seo\/ -->\n<title>Tolkopdrachten: drie goede redenen - Meertaligheid met het comfort van eentaligheid<\/title>\n<meta name=\"description\" content=\"Drie goede redenen om niet voor de Eloquentia te kiezen voor uw tolkopdrachten. En evenzovele goede redenen om dat w\u00e9l te doen!\" \/>\n<meta name=\"robots\" content=\"index, follow, max-snippet:-1, max-image-preview:large, max-video-preview:-1\" \/>\n<link rel=\"canonical\" href=\"https:\/\/www.eloquentia.biz\/nl\/drie-goede-redenen-tolkopdrachten\/\" \/>\n<meta property=\"og:locale\" content=\"nl_NL\" \/>\n<meta property=\"og:type\" content=\"article\" \/>\n<meta property=\"og:title\" content=\"Tolkopdrachten: drie goede redenen - Meertaligheid met het comfort van eentaligheid\" \/>\n<meta property=\"og:description\" content=\"Drie goede redenen om niet voor de Eloquentia te kiezen voor uw tolkopdrachten. En evenzovele goede redenen om dat w\u00e9l te doen!\" \/>\n<meta property=\"og:url\" content=\"https:\/\/www.eloquentia.biz\/nl\/drie-goede-redenen-tolkopdrachten\/\" \/>\n<meta property=\"og:site_name\" content=\"Meertaligheid met het comfort van eentaligheid\" \/>\n<meta property=\"article:modified_time\" content=\"2020-11-18T13:33:34+00:00\" \/>\n<meta name=\"twitter:card\" content=\"summary_large_image\" \/>\n<meta name=\"twitter:label1\" content=\"Geschatte leestijd\" \/>\n\t<meta name=\"twitter:data1\" content=\"3 minuten\" \/>\n<script type=\"application\/ld+json\" class=\"yoast-schema-graph\">{\"@context\":\"https:\/\/schema.org\",\"@graph\":[{\"@type\":\"WebPage\",\"@id\":\"https:\/\/www.eloquentia.biz\/nl\/drie-goede-redenen-tolkopdrachten\/\",\"url\":\"https:\/\/www.eloquentia.biz\/nl\/drie-goede-redenen-tolkopdrachten\/\",\"name\":\"Tolkopdrachten: drie goede redenen - Meertaligheid met het comfort van eentaligheid\",\"isPartOf\":{\"@id\":\"https:\/\/www.eloquentia.biz\/nl\/#website\"},\"datePublished\":\"2017-03-16T11:31:34+00:00\",\"dateModified\":\"2020-11-18T13:33:34+00:00\",\"description\":\"Drie goede redenen om niet voor de Eloquentia te kiezen voor uw tolkopdrachten. En evenzovele goede redenen om dat w\u00e9l te doen!\",\"breadcrumb\":{\"@id\":\"https:\/\/www.eloquentia.biz\/nl\/drie-goede-redenen-tolkopdrachten\/#breadcrumb\"},\"inLanguage\":\"nl-NL\",\"potentialAction\":[{\"@type\":\"ReadAction\",\"target\":[\"https:\/\/www.eloquentia.biz\/nl\/drie-goede-redenen-tolkopdrachten\/\"]}]},{\"@type\":\"BreadcrumbList\",\"@id\":\"https:\/\/www.eloquentia.biz\/nl\/drie-goede-redenen-tolkopdrachten\/#breadcrumb\",\"itemListElement\":[{\"@type\":\"ListItem\",\"position\":1,\"name\":\"Home\",\"item\":\"https:\/\/www.eloquentia.biz\/nl\/\"},{\"@type\":\"ListItem\",\"position\":2,\"name\":\"Tolkopdrachten: drie goede redenen\"}]},{\"@type\":\"WebSite\",\"@id\":\"https:\/\/www.eloquentia.biz\/nl\/#website\",\"url\":\"https:\/\/www.eloquentia.biz\/nl\/\",\"name\":\"Meertaligheid met het comfort van eentaligheid\",\"description\":\"\",\"publisher\":{\"@id\":\"https:\/\/www.eloquentia.biz\/nl\/#organization\"},\"potentialAction\":[{\"@type\":\"SearchAction\",\"target\":{\"@type\":\"EntryPoint\",\"urlTemplate\":\"https:\/\/www.eloquentia.biz\/nl\/?s={search_term_string}\"},\"query-input\":\"required name=search_term_string\"}],\"inLanguage\":\"nl-NL\"},{\"@type\":\"Organization\",\"@id\":\"https:\/\/www.eloquentia.biz\/nl\/#organization\",\"name\":\"Meertaligheid met het comfort van eentaligheid\",\"url\":\"https:\/\/www.eloquentia.biz\/nl\/\",\"logo\":{\"@type\":\"ImageObject\",\"inLanguage\":\"nl-NL\",\"@id\":\"https:\/\/www.eloquentia.biz\/nl\/#\/schema\/logo\/image\/\",\"url\":\"https:\/\/www.eloquentia.biz\/wp-content\/uploads\/2020\/11\/cropped-logo_eloquentia-transparant-2-1.png\",\"contentUrl\":\"https:\/\/www.eloquentia.biz\/wp-content\/uploads\/2020\/11\/cropped-logo_eloquentia-transparant-2-1.png\",\"width\":240,\"height\":77,\"caption\":\"Meertaligheid met het comfort van eentaligheid\"},\"image\":{\"@id\":\"https:\/\/www.eloquentia.biz\/nl\/#\/schema\/logo\/image\/\"}}]}<\/script>\n<!-- \/ Yoast SEO plugin. -->","yoast_head_json":{"title":"Tolkopdrachten: drie goede redenen - Meertaligheid met het comfort van eentaligheid","description":"Drie goede redenen om niet voor de Eloquentia te kiezen voor uw tolkopdrachten. En evenzovele goede redenen om dat w\u00e9l te doen!","robots":{"index":"index","follow":"follow","max-snippet":"max-snippet:-1","max-image-preview":"max-image-preview:large","max-video-preview":"max-video-preview:-1"},"canonical":"https:\/\/www.eloquentia.biz\/nl\/drie-goede-redenen-tolkopdrachten\/","og_locale":"nl_NL","og_type":"article","og_title":"Tolkopdrachten: drie goede redenen - Meertaligheid met het comfort van eentaligheid","og_description":"Drie goede redenen om niet voor de Eloquentia te kiezen voor uw tolkopdrachten. En evenzovele goede redenen om dat w\u00e9l te doen!","og_url":"https:\/\/www.eloquentia.biz\/nl\/drie-goede-redenen-tolkopdrachten\/","og_site_name":"Meertaligheid met het comfort van eentaligheid","article_modified_time":"2020-11-18T13:33:34+00:00","twitter_card":"summary_large_image","twitter_misc":{"Geschatte leestijd":"3 minuten"},"schema":{"@context":"https:\/\/schema.org","@graph":[{"@type":"WebPage","@id":"https:\/\/www.eloquentia.biz\/nl\/drie-goede-redenen-tolkopdrachten\/","url":"https:\/\/www.eloquentia.biz\/nl\/drie-goede-redenen-tolkopdrachten\/","name":"Tolkopdrachten: drie goede redenen - Meertaligheid met het comfort van eentaligheid","isPartOf":{"@id":"https:\/\/www.eloquentia.biz\/nl\/#website"},"datePublished":"2017-03-16T11:31:34+00:00","dateModified":"2020-11-18T13:33:34+00:00","description":"Drie goede redenen om niet voor de Eloquentia te kiezen voor uw tolkopdrachten. En evenzovele goede redenen om dat w\u00e9l te doen!","breadcrumb":{"@id":"https:\/\/www.eloquentia.biz\/nl\/drie-goede-redenen-tolkopdrachten\/#breadcrumb"},"inLanguage":"nl-NL","potentialAction":[{"@type":"ReadAction","target":["https:\/\/www.eloquentia.biz\/nl\/drie-goede-redenen-tolkopdrachten\/"]}]},{"@type":"BreadcrumbList","@id":"https:\/\/www.eloquentia.biz\/nl\/drie-goede-redenen-tolkopdrachten\/#breadcrumb","itemListElement":[{"@type":"ListItem","position":1,"name":"Home","item":"https:\/\/www.eloquentia.biz\/nl\/"},{"@type":"ListItem","position":2,"name":"Tolkopdrachten: drie goede redenen"}]},{"@type":"WebSite","@id":"https:\/\/www.eloquentia.biz\/nl\/#website","url":"https:\/\/www.eloquentia.biz\/nl\/","name":"Meertaligheid met het comfort van eentaligheid","description":"","publisher":{"@id":"https:\/\/www.eloquentia.biz\/nl\/#organization"},"potentialAction":[{"@type":"SearchAction","target":{"@type":"EntryPoint","urlTemplate":"https:\/\/www.eloquentia.biz\/nl\/?s={search_term_string}"},"query-input":"required name=search_term_string"}],"inLanguage":"nl-NL"},{"@type":"Organization","@id":"https:\/\/www.eloquentia.biz\/nl\/#organization","name":"Meertaligheid met het comfort van eentaligheid","url":"https:\/\/www.eloquentia.biz\/nl\/","logo":{"@type":"ImageObject","inLanguage":"nl-NL","@id":"https:\/\/www.eloquentia.biz\/nl\/#\/schema\/logo\/image\/","url":"https:\/\/www.eloquentia.biz\/wp-content\/uploads\/2020\/11\/cropped-logo_eloquentia-transparant-2-1.png","contentUrl":"https:\/\/www.eloquentia.biz\/wp-content\/uploads\/2020\/11\/cropped-logo_eloquentia-transparant-2-1.png","width":240,"height":77,"caption":"Meertaligheid met het comfort van eentaligheid"},"image":{"@id":"https:\/\/www.eloquentia.biz\/nl\/#\/schema\/logo\/image\/"}}]}},"_links":{"self":[{"href":"https:\/\/www.eloquentia.biz\/nl\/wp-json\/wp\/v2\/pages\/2261"}],"collection":[{"href":"https:\/\/www.eloquentia.biz\/nl\/wp-json\/wp\/v2\/pages"}],"about":[{"href":"https:\/\/www.eloquentia.biz\/nl\/wp-json\/wp\/v2\/types\/page"}],"author":[{"embeddable":true,"href":"https:\/\/www.eloquentia.biz\/nl\/wp-json\/wp\/v2\/users\/5"}],"replies":[{"embeddable":true,"href":"https:\/\/www.eloquentia.biz\/nl\/wp-json\/wp\/v2\/comments?post=2261"}],"version-history":[{"count":3,"href":"https:\/\/www.eloquentia.biz\/nl\/wp-json\/wp\/v2\/pages\/2261\/revisions"}],"predecessor-version":[{"id":3585,"href":"https:\/\/www.eloquentia.biz\/nl\/wp-json\/wp\/v2\/pages\/2261\/revisions\/3585"}],"wp:attachment":[{"href":"https:\/\/www.eloquentia.biz\/nl\/wp-json\/wp\/v2\/media?parent=2261"}],"curies":[{"name":"wp","href":"https:\/\/api.w.org\/{rel}","templated":true}]}}