{"id":2498,"date":"2017-09-29T10:56:34","date_gmt":"2017-09-29T09:56:34","guid":{"rendered":"https:\/\/www.eloquentia.biz\/fr\/?page_id=2498"},"modified":"2018-01-15T09:00:58","modified_gmt":"2018-01-15T08:00:58","slug":"travailler-pour-deesse","status":"publish","type":"page","link":"https:\/\/www.eloquentia.biz\/fr\/travailler-pour-deesse\/","title":{"rendered":"Travailler pour D\u00e9esse"},"content":{"rendered":"<p>Depuis sa cr\u00e9ation en 2008 par\u00a0<a href=\"Http:\/\/www.eloquentia.biz\/sebastien-devogele-interpr\u00e8te-de-conf\u00e9rence-fondateur\/\">S\u00e9bastien Devogele<\/a>, l&#8217;agence D\u00e9esse conna\u00eet une croissance constante et continue. Avec son \u00e9quipe interne compos\u00e9e d\u2019interpr\u00e8tes de conf\u00e9rence et de traducteurs, D\u00e9esse vise \u00e0 offrir un service de qualit\u00e9 sup\u00e9rieure \u00e0 ses clients. Plus\u00a0l&#8217;agence\u00a0<a href=\"https:\/\/www.eloquentia.biz\/fr\/\">D\u00e9esse<\/a>\u00a0grandit, plus il a besoin de renforcer son \u00e9quipe. Car contrairement \u00e0 la majorit\u00e9 des agences de traduction, D\u00e9esse aime pouvoir faire appel \u00e0 son \u00e9quipe interne.<\/p>\n<p>Notre agence ne prend jamais la d\u00e9cision de renforcer son \u00e9quipe \u00e0 la l\u00e9g\u00e8re. Mais il ne dit pas non plus non aux bonnes \u00ab\u00a0opportunit\u00e9s\u00a0\u00bb. Et si un nouveau talent se pr\u00e9sente, un entretien est tout \u00e0 fait envisageable.<\/p>\n<p><span style=\"color: #f15585;\"><strong>Nous recherchons actuellement un(e) interpr\u00e8te de conf\u00e9rence n\u00e9erlandais &lt;&gt; fran\u00e7ais.<\/strong><\/span><\/p>\n<p>Vous pensez \u00eatre le talent qui nous manque\u00a0? Poursuivez donc votre lecture.<\/p>\n<p>La proc\u00e9dure de s\u00e9lection se compose d\u2019un ou de plusieurs entretiens personnels avec S\u00e9bastien ainsi que d\u2019un test de comp\u00e9tences. Une proc\u00e9dure stricte, puisque nous souhaitons recruter la cr\u00e8me de la cr\u00e8me.<\/p>\n<p>En tant que nouveau coll\u00e8gue, vous d\u00e9buterez votre p\u00e9riode d\u2019essai au agence, sauf les jours d\u2019interpr\u00e9tation. Vous avez ainsi l\u2019occasion d\u2019apprendre \u00e0 conna\u00eetre l\u2019\u00e9quipe et nous pouvons \u00e9valuer votre travail. La philosophie de D\u00e9esse place notamment le contact humain au centre de ses pr\u00e9occupations que ce soit avec les coll\u00e8gues et l\u2019\u00e9quipe <a href=\"Http:\/\/www.eloquentia.biz\/travailler-pour-d\u00e9esse-en-tant-que-freelance\/\">freelance<\/a> ou avec les clients.<\/p>\n<p>Apr\u00e8s\u00a0une p\u00e9riode d\u2019essai r\u00e9ussie, vous travaillerez en toute autonomie chez les clients (pour les missions d\u2019interpr\u00e9tation) et chez vous (les autres jours). Gr\u00e2ce au t\u00e9l\u00e9travail, vous ne perdrez plus de temps dans les d\u00e9placements et les embouteillages. Vous pouvez ainsi trouver un \u00e9quilibre parfait entre votre vie priv\u00e9e et votre vie professionnelle. Ce qui compte avant tout pour D\u00e9esse, c\u2019est le r\u00e9sultat\u00a0: livrer le travail demand\u00e9 en temps voulu.<\/p>\n<p>Cette approche vous parle-t-elle\u00a0? N\u2019attendez plus et envoyez-nous votre candidature. D\u00e9esse vous contactera certainement pour fixer un premier entretien. Vous craignez de voir votre nom appara\u00eetre sur une liste d\u2019interpr\u00e8tes que personne ne consulte\u00a0? Convainquez dans ce cas S\u00e9bastien de vous engager sur-le-champ. Contactez-le de pr\u00e9f\u00e9rence par t\u00e9l\u00e9phone. Impressionnez-le avec votre personnalit\u00e9 et votre profil. Il vous proposera certainement un premier entretien.<\/p>\n","protected":false},"excerpt":{"rendered":"<p>Depuis sa cr\u00e9ation en 2008 par\u00a0S\u00e9bastien Devogele, l&#8217;agence D\u00e9esse conna\u00eet une croissance constante et continue. Avec son \u00e9quipe interne compos\u00e9e d\u2019interpr\u00e8tes de conf\u00e9rence et de traducteurs, D\u00e9esse vise \u00e0 offrir un service de qualit\u00e9 sup\u00e9rieure \u00e0 ses clients. Plus\u00a0l&#8217;agence\u00a0D\u00e9esse\u00a0grandit, plus il a besoin de renforcer son \u00e9quipe. Car contrairement \u00e0 la majorit\u00e9 des agences de &hellip; <a href=\"https:\/\/www.eloquentia.biz\/fr\/travailler-pour-deesse\/\" class=\"more-link\">Continue reading<span class=\"screen-reader-text\"> &#8220;Travailler pour D\u00e9esse&#8221;<\/span><\/a><\/p>\n","protected":false},"author":5,"featured_media":0,"parent":0,"menu_order":0,"comment_status":"closed","ping_status":"closed","template":"","meta":{"_s2mail":"yes"},"yoast_head":"<!-- This site is optimized with the Yoast SEO plugin v20.8 - https:\/\/yoast.com\/wordpress\/plugins\/seo\/ -->\n<title>Travailler pour D\u00e9esse - Invitez la simplicit\u00e9 dans votre communication plurilingue<\/title>\n<meta name=\"description\" content=\"D\u00e9esse compte sur son \u00e9quipe interne pour garantir un service de qualit\u00e9 \u00e0 ses clients. Travailler pour D\u00e9esse comme interpr\u00e8te de conf\u00e9rence Nl FR vous tente ? Contactez-nous !\" \/>\n<meta name=\"robots\" content=\"index, follow, max-snippet:-1, max-image-preview:large, max-video-preview:-1\" \/>\n<link rel=\"canonical\" href=\"https:\/\/www.eloquentia.biz\/fr\/travailler-pour-deesse\/\" \/>\n<meta property=\"og:locale\" content=\"fr_FR\" \/>\n<meta property=\"og:type\" content=\"article\" \/>\n<meta property=\"og:title\" content=\"Travailler pour D\u00e9esse - Invitez la simplicit\u00e9 dans votre communication plurilingue\" \/>\n<meta property=\"og:description\" content=\"D\u00e9esse compte sur son \u00e9quipe interne pour garantir un service de qualit\u00e9 \u00e0 ses clients. Travailler pour D\u00e9esse comme interpr\u00e8te de conf\u00e9rence Nl FR vous tente ? Contactez-nous !\" \/>\n<meta property=\"og:url\" content=\"https:\/\/www.eloquentia.biz\/fr\/travailler-pour-deesse\/\" \/>\n<meta property=\"og:site_name\" content=\"Invitez la simplicit\u00e9 dans votre communication plurilingue\" \/>\n<meta property=\"article:modified_time\" content=\"2018-01-15T08:00:58+00:00\" \/>\n<meta name=\"twitter:card\" content=\"summary_large_image\" \/>\n<meta name=\"twitter:label1\" content=\"Dur\u00e9e de lecture estim\u00e9e\" \/>\n\t<meta name=\"twitter:data1\" content=\"2 minutes\" \/>\n<script type=\"application\/ld+json\" class=\"yoast-schema-graph\">{\"@context\":\"https:\/\/schema.org\",\"@graph\":[{\"@type\":\"WebPage\",\"@id\":\"https:\/\/www.eloquentia.biz\/fr\/travailler-pour-deesse\/\",\"url\":\"https:\/\/www.eloquentia.biz\/fr\/travailler-pour-deesse\/\",\"name\":\"Travailler pour D\u00e9esse - Invitez la simplicit\u00e9 dans votre communication plurilingue\",\"isPartOf\":{\"@id\":\"https:\/\/www.eloquentia.biz\/fr\/#website\"},\"datePublished\":\"2017-09-29T09:56:34+00:00\",\"dateModified\":\"2018-01-15T08:00:58+00:00\",\"description\":\"D\u00e9esse compte sur son \u00e9quipe interne pour garantir un service de qualit\u00e9 \u00e0 ses clients. Travailler pour D\u00e9esse comme interpr\u00e8te de conf\u00e9rence Nl FR vous tente ? Contactez-nous !\",\"breadcrumb\":{\"@id\":\"https:\/\/www.eloquentia.biz\/fr\/travailler-pour-deesse\/#breadcrumb\"},\"inLanguage\":\"fr-FR\",\"potentialAction\":[{\"@type\":\"ReadAction\",\"target\":[\"https:\/\/www.eloquentia.biz\/fr\/travailler-pour-deesse\/\"]}]},{\"@type\":\"BreadcrumbList\",\"@id\":\"https:\/\/www.eloquentia.biz\/fr\/travailler-pour-deesse\/#breadcrumb\",\"itemListElement\":[{\"@type\":\"ListItem\",\"position\":1,\"name\":\"Home\",\"item\":\"https:\/\/www.eloquentia.biz\/fr\/\"},{\"@type\":\"ListItem\",\"position\":2,\"name\":\"Travailler pour D\u00e9esse\"}]},{\"@type\":\"WebSite\",\"@id\":\"https:\/\/www.eloquentia.biz\/fr\/#website\",\"url\":\"https:\/\/www.eloquentia.biz\/fr\/\",\"name\":\"Invitez la simplicit\u00e9 dans votre communication plurilingue\",\"description\":\"\",\"publisher\":{\"@id\":\"https:\/\/www.eloquentia.biz\/fr\/#organization\"},\"potentialAction\":[{\"@type\":\"SearchAction\",\"target\":{\"@type\":\"EntryPoint\",\"urlTemplate\":\"https:\/\/www.eloquentia.biz\/fr\/?s={search_term_string}\"},\"query-input\":\"required name=search_term_string\"}],\"inLanguage\":\"fr-FR\"},{\"@type\":\"Organization\",\"@id\":\"https:\/\/www.eloquentia.biz\/fr\/#organization\",\"name\":\"Invitez la simplicit\u00e9 dans votre communication plurilingue\",\"url\":\"https:\/\/www.eloquentia.biz\/fr\/\",\"logo\":{\"@type\":\"ImageObject\",\"inLanguage\":\"fr-FR\",\"@id\":\"https:\/\/www.eloquentia.biz\/fr\/#\/schema\/logo\/image\/\",\"url\":\"https:\/\/www.eloquentia.biz\/wp-content\/uploads\/2020\/11\/cropped-logo_eloquentia-transparant-2-1.png\",\"contentUrl\":\"https:\/\/www.eloquentia.biz\/wp-content\/uploads\/2020\/11\/cropped-logo_eloquentia-transparant-2-1.png\",\"width\":240,\"height\":77,\"caption\":\"Invitez la simplicit\u00e9 dans votre communication plurilingue\"},\"image\":{\"@id\":\"https:\/\/www.eloquentia.biz\/fr\/#\/schema\/logo\/image\/\"}}]}<\/script>\n<!-- \/ Yoast SEO plugin. -->","yoast_head_json":{"title":"Travailler pour D\u00e9esse - Invitez la simplicit\u00e9 dans votre communication plurilingue","description":"D\u00e9esse compte sur son \u00e9quipe interne pour garantir un service de qualit\u00e9 \u00e0 ses clients. Travailler pour D\u00e9esse comme interpr\u00e8te de conf\u00e9rence Nl FR vous tente ? Contactez-nous !","robots":{"index":"index","follow":"follow","max-snippet":"max-snippet:-1","max-image-preview":"max-image-preview:large","max-video-preview":"max-video-preview:-1"},"canonical":"https:\/\/www.eloquentia.biz\/fr\/travailler-pour-deesse\/","og_locale":"fr_FR","og_type":"article","og_title":"Travailler pour D\u00e9esse - Invitez la simplicit\u00e9 dans votre communication plurilingue","og_description":"D\u00e9esse compte sur son \u00e9quipe interne pour garantir un service de qualit\u00e9 \u00e0 ses clients. Travailler pour D\u00e9esse comme interpr\u00e8te de conf\u00e9rence Nl FR vous tente ? Contactez-nous !","og_url":"https:\/\/www.eloquentia.biz\/fr\/travailler-pour-deesse\/","og_site_name":"Invitez la simplicit\u00e9 dans votre communication plurilingue","article_modified_time":"2018-01-15T08:00:58+00:00","twitter_card":"summary_large_image","twitter_misc":{"Dur\u00e9e de lecture estim\u00e9e":"2 minutes"},"schema":{"@context":"https:\/\/schema.org","@graph":[{"@type":"WebPage","@id":"https:\/\/www.eloquentia.biz\/fr\/travailler-pour-deesse\/","url":"https:\/\/www.eloquentia.biz\/fr\/travailler-pour-deesse\/","name":"Travailler pour D\u00e9esse - Invitez la simplicit\u00e9 dans votre communication plurilingue","isPartOf":{"@id":"https:\/\/www.eloquentia.biz\/fr\/#website"},"datePublished":"2017-09-29T09:56:34+00:00","dateModified":"2018-01-15T08:00:58+00:00","description":"D\u00e9esse compte sur son \u00e9quipe interne pour garantir un service de qualit\u00e9 \u00e0 ses clients. Travailler pour D\u00e9esse comme interpr\u00e8te de conf\u00e9rence Nl FR vous tente ? Contactez-nous !","breadcrumb":{"@id":"https:\/\/www.eloquentia.biz\/fr\/travailler-pour-deesse\/#breadcrumb"},"inLanguage":"fr-FR","potentialAction":[{"@type":"ReadAction","target":["https:\/\/www.eloquentia.biz\/fr\/travailler-pour-deesse\/"]}]},{"@type":"BreadcrumbList","@id":"https:\/\/www.eloquentia.biz\/fr\/travailler-pour-deesse\/#breadcrumb","itemListElement":[{"@type":"ListItem","position":1,"name":"Home","item":"https:\/\/www.eloquentia.biz\/fr\/"},{"@type":"ListItem","position":2,"name":"Travailler pour D\u00e9esse"}]},{"@type":"WebSite","@id":"https:\/\/www.eloquentia.biz\/fr\/#website","url":"https:\/\/www.eloquentia.biz\/fr\/","name":"Invitez la simplicit\u00e9 dans votre communication plurilingue","description":"","publisher":{"@id":"https:\/\/www.eloquentia.biz\/fr\/#organization"},"potentialAction":[{"@type":"SearchAction","target":{"@type":"EntryPoint","urlTemplate":"https:\/\/www.eloquentia.biz\/fr\/?s={search_term_string}"},"query-input":"required name=search_term_string"}],"inLanguage":"fr-FR"},{"@type":"Organization","@id":"https:\/\/www.eloquentia.biz\/fr\/#organization","name":"Invitez la simplicit\u00e9 dans votre communication plurilingue","url":"https:\/\/www.eloquentia.biz\/fr\/","logo":{"@type":"ImageObject","inLanguage":"fr-FR","@id":"https:\/\/www.eloquentia.biz\/fr\/#\/schema\/logo\/image\/","url":"https:\/\/www.eloquentia.biz\/wp-content\/uploads\/2020\/11\/cropped-logo_eloquentia-transparant-2-1.png","contentUrl":"https:\/\/www.eloquentia.biz\/wp-content\/uploads\/2020\/11\/cropped-logo_eloquentia-transparant-2-1.png","width":240,"height":77,"caption":"Invitez la simplicit\u00e9 dans votre communication plurilingue"},"image":{"@id":"https:\/\/www.eloquentia.biz\/fr\/#\/schema\/logo\/image\/"}}]}},"_links":{"self":[{"href":"https:\/\/www.eloquentia.biz\/fr\/wp-json\/wp\/v2\/pages\/2498"}],"collection":[{"href":"https:\/\/www.eloquentia.biz\/fr\/wp-json\/wp\/v2\/pages"}],"about":[{"href":"https:\/\/www.eloquentia.biz\/fr\/wp-json\/wp\/v2\/types\/page"}],"author":[{"embeddable":true,"href":"https:\/\/www.eloquentia.biz\/fr\/wp-json\/wp\/v2\/users\/5"}],"replies":[{"embeddable":true,"href":"https:\/\/www.eloquentia.biz\/fr\/wp-json\/wp\/v2\/comments?post=2498"}],"version-history":[{"count":0,"href":"https:\/\/www.eloquentia.biz\/fr\/wp-json\/wp\/v2\/pages\/2498\/revisions"}],"wp:attachment":[{"href":"https:\/\/www.eloquentia.biz\/fr\/wp-json\/wp\/v2\/media?parent=2498"}],"curies":[{"name":"wp","href":"https:\/\/api.w.org\/{rel}","templated":true}]}}