{"id":2170,"date":"2017-02-22T15:52:37","date_gmt":"2017-02-22T14:52:37","guid":{"rendered":"https:\/\/www.eloquentia.biz\/fr\/?page_id=2170"},"modified":"2020-11-25T14:28:00","modified_gmt":"2020-11-25T13:28:00","slug":"cabine-interpretation","status":"publish","type":"page","link":"https:\/\/www.eloquentia.biz\/fr\/cabine-interpretation\/","title":{"rendered":"Cabine d\u2019interpr\u00e9tation"},"content":{"rendered":"<h2>Qu\u2019est-ce qu\u2019une cabine d\u2019interpr\u00e9tation\u00a0?<\/h2>\n<p>Une cabine d\u2019interpr\u00e9tation\u00a0est une cabine insonoris\u00e9e dans laquelle les interpr\u00e8tes \u00e9coutent l\u2019orateur ou les orateurs au moyen de leur casque. L\u2019orateur s\u2019exprime dans sa langue maternelle, autrement dit la \u00ab\u00a0langue source\u00a0\u00bb. Tous les auditeurs potentiels qui se trouvent dans la salle disposent d\u2019un microphone qu\u2019ils allument lorsqu\u2019ils doivent s\u2019exprimer \u00e0 leur tour. Gr\u00e2ce \u00e0 leur casque, les interpr\u00e8tes peuvent ainsi suivre toutes les interventions. Toute personne pr\u00e9sente a la possibilit\u00e9 d\u2019\u00e9couter les d\u00e9bats dans sa propre langue gr\u00e2ce \u00e0 son casque.<\/p>\n<h2>Location d\u2019une cabine d\u2019interpr\u00e9tation<\/h2>\n<p>Lorsqu\u2019aucune cabine d\u2019interpr\u00e9tation n\u2019est disponible \u00e0 l\u2019endroit de la r\u00e9union, il vous est possible d\u2019en louer une par l\u2019interm\u00e9diaire <a href=\"https:\/\/www.eloquentia.biz\/nl\/\">d&#8217;Eloquentia<\/a>. Il faut bien \u00e9videmment disposer de l\u2019espace n\u00e9cessaire \u00e0 son installation, qui d\u00e9pend du nombre de langues sources et de langues cibles, ainsi que du nombre d\u2019orateurs et d\u2019auditeurs.<\/p>\n<p>Vous souhaitez louer une cabine d\u2019interpr\u00e9tation chez <a href=\"https:\/\/www.eloquentia.biz\/fr\/\">Eloquentia<\/a>\u00a0? Envoyez-nous un\u00a0<a href=\"mailto:info@eloquentia.biz\">courriel\u00a0<\/a>ou appelez-nous au +32 (0) 472 76 54 55.<\/p>\n<h2>Quand devez-vous utiliser une cabine pour vos missions d\u2019interpr\u00e9tation\u00a0?<\/h2>\n<p>En g\u00e9n\u00e9ral, une cabine d\u2019interpr\u00e9tation constitue un instrument incontournable pour vos interpr\u00e8tes, car elle leur procure un certain confort. L\u2019interpr\u00e9tation se d\u00e9roule en toute fluidit\u00e9 tout en \u00e9tant agr\u00e9able \u00e0 \u00e9couter pour votre public. Par ailleurs, les interpr\u00e8tes qui travaillent en cabine se font discrets puisqu\u2019ils peuvent entendre distinctement chaque orateur sans devoir d\u00e9ambuler dans la salle afin de percevoir ce qui se dit, comme c\u2019est le cas pour les missions d\u2019interpr\u00e9tation avec valisette. Leur pr\u00e9sence dans la salle passe presque inaper\u00e7ue.<\/p>\n<p>Les auditeurs suivent l\u2019allocution de mani\u00e8re simultan\u00e9e dans leur propre langue gr\u00e2ce aux casques. S\u2019il y a plusieurs langues cibles, c\u2019est-\u00e0-dire plusieurs langues vers lesquelles il faut interpr\u00e9ter, les membres de l\u2019assembl\u00e9e ont la possibilit\u00e9 d\u2019adapter la langue en choisissant le canal appropri\u00e9.<\/p>\n<p>Vous souhaitez louer une cabine d\u2019interpr\u00e9tation chez <a href=\"https:\/\/www.eloquentia.biz\/fr\/\">Eloquentia<\/a>\u00a0? Envoyez-nous un\u00a0<a href=\"mailto:info@eloquentia.biz\">courriel<\/a>\u00a0ou appelez-nous au +32 (0) 472 76 54 55.<\/p>\n<h2>Existe-t-il une alternative\u00a0?<\/h2>\n<p>Les interpr\u00e8tes sont en principe toujours pr\u00e9sents dans la salle o\u00f9 doit se d\u00e9rouler l\u2019interpr\u00e9tation. Mais si vous ne souhaitez pas de cabine dans votre salle ou s\u2019il n\u2019y a tout simplement pas assez de place pour en installer une, vous pouvez envisager \u00ab\u00a0l\u2019interpr\u00e9tation \u00e0 distance\u00a0\u00bb (<em>remote interpreting<\/em>). Les interpr\u00e8tes travailleront en l\u2019occurrence depuis nos propres locaux. Nous vous en expliquons volontiers le d\u00e9roulement par t\u00e9l\u00e9phone au +32 (0) 472 76 54 55.<\/p>\n<p>Si vous souhaitez passer en revue avec <a href=\"https:\/\/www.eloquentia.biz\/nl\/\">Eloquentia <\/a>les avantages et inconv\u00e9nients des diff\u00e9rentes possibilit\u00e9s techniques, envoyez-nous un\u00a0<a href=\"mailto:info@eloquentia.biz\">courriel<\/a>\u00a0ou appelez-nous au +32 (0) 472 76 54 55.<\/p>\n","protected":false},"excerpt":{"rendered":"<p>Qu\u2019est-ce qu\u2019une cabine d\u2019interpr\u00e9tation\u00a0? Une cabine d\u2019interpr\u00e9tation\u00a0est une cabine insonoris\u00e9e dans laquelle les interpr\u00e8tes \u00e9coutent l\u2019orateur ou les orateurs au moyen de leur casque. L\u2019orateur s\u2019exprime dans sa langue maternelle, autrement dit la \u00ab\u00a0langue source\u00a0\u00bb. Tous les auditeurs potentiels qui se trouvent dans la salle disposent d\u2019un microphone qu\u2019ils allument lorsqu\u2019ils doivent s\u2019exprimer \u00e0 leur &hellip; <a href=\"https:\/\/www.eloquentia.biz\/fr\/cabine-interpretation\/\" class=\"more-link\">Continue reading<span class=\"screen-reader-text\"> &#8220;Cabine d\u2019interpr\u00e9tation&#8221;<\/span><\/a><\/p>\n","protected":false},"author":5,"featured_media":0,"parent":0,"menu_order":0,"comment_status":"closed","ping_status":"closed","template":"","meta":{"_s2mail":"yes"},"yoast_head":"<!-- This site is optimized with the Yoast SEO plugin v20.8 - https:\/\/yoast.com\/wordpress\/plugins\/seo\/ -->\n<title>Cabine d\u2019interpr\u00e9tation - Invitez la simplicit\u00e9 dans votre communication plurilingue<\/title>\n<meta name=\"description\" content=\"La cabine d\u2019interpr\u00e9tation est un instrument de travail indispensable \u00e0 vos interpr\u00e8tes. Il n&#039;y en a pas \u00e0 disposition ? Louez-en une aupr\u00e8s d&#039;Eloquentia.\" \/>\n<meta name=\"robots\" content=\"index, follow, max-snippet:-1, max-image-preview:large, max-video-preview:-1\" \/>\n<link rel=\"canonical\" href=\"https:\/\/www.eloquentia.biz\/fr\/cabine-interpretation\/\" \/>\n<meta property=\"og:locale\" content=\"fr_FR\" \/>\n<meta property=\"og:type\" content=\"article\" \/>\n<meta property=\"og:title\" content=\"Cabine d\u2019interpr\u00e9tation - Invitez la simplicit\u00e9 dans votre communication plurilingue\" \/>\n<meta property=\"og:description\" content=\"La cabine d\u2019interpr\u00e9tation est un instrument de travail indispensable \u00e0 vos interpr\u00e8tes. Il n&#039;y en a pas \u00e0 disposition ? Louez-en une aupr\u00e8s d&#039;Eloquentia.\" \/>\n<meta property=\"og:url\" content=\"https:\/\/www.eloquentia.biz\/fr\/cabine-interpretation\/\" \/>\n<meta property=\"og:site_name\" content=\"Invitez la simplicit\u00e9 dans votre communication plurilingue\" \/>\n<meta property=\"article:modified_time\" content=\"2020-11-25T13:28:00+00:00\" \/>\n<meta name=\"twitter:card\" content=\"summary_large_image\" \/>\n<meta name=\"twitter:label1\" content=\"Dur\u00e9e de lecture estim\u00e9e\" \/>\n\t<meta name=\"twitter:data1\" content=\"2 minutes\" \/>\n<script type=\"application\/ld+json\" class=\"yoast-schema-graph\">{\"@context\":\"https:\/\/schema.org\",\"@graph\":[{\"@type\":\"WebPage\",\"@id\":\"https:\/\/www.eloquentia.biz\/fr\/cabine-interpretation\/\",\"url\":\"https:\/\/www.eloquentia.biz\/fr\/cabine-interpretation\/\",\"name\":\"Cabine d\u2019interpr\u00e9tation - Invitez la simplicit\u00e9 dans votre communication plurilingue\",\"isPartOf\":{\"@id\":\"https:\/\/www.eloquentia.biz\/fr\/#website\"},\"datePublished\":\"2017-02-22T14:52:37+00:00\",\"dateModified\":\"2020-11-25T13:28:00+00:00\",\"description\":\"La cabine d\u2019interpr\u00e9tation est un instrument de travail indispensable \u00e0 vos interpr\u00e8tes. Il n'y en a pas \u00e0 disposition ? Louez-en une aupr\u00e8s d'Eloquentia.\",\"breadcrumb\":{\"@id\":\"https:\/\/www.eloquentia.biz\/fr\/cabine-interpretation\/#breadcrumb\"},\"inLanguage\":\"fr-FR\",\"potentialAction\":[{\"@type\":\"ReadAction\",\"target\":[\"https:\/\/www.eloquentia.biz\/fr\/cabine-interpretation\/\"]}]},{\"@type\":\"BreadcrumbList\",\"@id\":\"https:\/\/www.eloquentia.biz\/fr\/cabine-interpretation\/#breadcrumb\",\"itemListElement\":[{\"@type\":\"ListItem\",\"position\":1,\"name\":\"Home\",\"item\":\"https:\/\/www.eloquentia.biz\/fr\/\"},{\"@type\":\"ListItem\",\"position\":2,\"name\":\"Cabine d\u2019interpr\u00e9tation\"}]},{\"@type\":\"WebSite\",\"@id\":\"https:\/\/www.eloquentia.biz\/fr\/#website\",\"url\":\"https:\/\/www.eloquentia.biz\/fr\/\",\"name\":\"Invitez la simplicit\u00e9 dans votre communication plurilingue\",\"description\":\"\",\"publisher\":{\"@id\":\"https:\/\/www.eloquentia.biz\/fr\/#organization\"},\"potentialAction\":[{\"@type\":\"SearchAction\",\"target\":{\"@type\":\"EntryPoint\",\"urlTemplate\":\"https:\/\/www.eloquentia.biz\/fr\/?s={search_term_string}\"},\"query-input\":\"required name=search_term_string\"}],\"inLanguage\":\"fr-FR\"},{\"@type\":\"Organization\",\"@id\":\"https:\/\/www.eloquentia.biz\/fr\/#organization\",\"name\":\"Invitez la simplicit\u00e9 dans votre communication plurilingue\",\"url\":\"https:\/\/www.eloquentia.biz\/fr\/\",\"logo\":{\"@type\":\"ImageObject\",\"inLanguage\":\"fr-FR\",\"@id\":\"https:\/\/www.eloquentia.biz\/fr\/#\/schema\/logo\/image\/\",\"url\":\"https:\/\/www.eloquentia.biz\/wp-content\/uploads\/2020\/11\/cropped-logo_eloquentia-transparant-2-1.png\",\"contentUrl\":\"https:\/\/www.eloquentia.biz\/wp-content\/uploads\/2020\/11\/cropped-logo_eloquentia-transparant-2-1.png\",\"width\":240,\"height\":77,\"caption\":\"Invitez la simplicit\u00e9 dans votre communication plurilingue\"},\"image\":{\"@id\":\"https:\/\/www.eloquentia.biz\/fr\/#\/schema\/logo\/image\/\"}}]}<\/script>\n<!-- \/ Yoast SEO plugin. -->","yoast_head_json":{"title":"Cabine d\u2019interpr\u00e9tation - Invitez la simplicit\u00e9 dans votre communication plurilingue","description":"La cabine d\u2019interpr\u00e9tation est un instrument de travail indispensable \u00e0 vos interpr\u00e8tes. Il n'y en a pas \u00e0 disposition ? Louez-en une aupr\u00e8s d'Eloquentia.","robots":{"index":"index","follow":"follow","max-snippet":"max-snippet:-1","max-image-preview":"max-image-preview:large","max-video-preview":"max-video-preview:-1"},"canonical":"https:\/\/www.eloquentia.biz\/fr\/cabine-interpretation\/","og_locale":"fr_FR","og_type":"article","og_title":"Cabine d\u2019interpr\u00e9tation - Invitez la simplicit\u00e9 dans votre communication plurilingue","og_description":"La cabine d\u2019interpr\u00e9tation est un instrument de travail indispensable \u00e0 vos interpr\u00e8tes. Il n'y en a pas \u00e0 disposition ? Louez-en une aupr\u00e8s d'Eloquentia.","og_url":"https:\/\/www.eloquentia.biz\/fr\/cabine-interpretation\/","og_site_name":"Invitez la simplicit\u00e9 dans votre communication plurilingue","article_modified_time":"2020-11-25T13:28:00+00:00","twitter_card":"summary_large_image","twitter_misc":{"Dur\u00e9e de lecture estim\u00e9e":"2 minutes"},"schema":{"@context":"https:\/\/schema.org","@graph":[{"@type":"WebPage","@id":"https:\/\/www.eloquentia.biz\/fr\/cabine-interpretation\/","url":"https:\/\/www.eloquentia.biz\/fr\/cabine-interpretation\/","name":"Cabine d\u2019interpr\u00e9tation - Invitez la simplicit\u00e9 dans votre communication plurilingue","isPartOf":{"@id":"https:\/\/www.eloquentia.biz\/fr\/#website"},"datePublished":"2017-02-22T14:52:37+00:00","dateModified":"2020-11-25T13:28:00+00:00","description":"La cabine d\u2019interpr\u00e9tation est un instrument de travail indispensable \u00e0 vos interpr\u00e8tes. Il n'y en a pas \u00e0 disposition ? Louez-en une aupr\u00e8s d'Eloquentia.","breadcrumb":{"@id":"https:\/\/www.eloquentia.biz\/fr\/cabine-interpretation\/#breadcrumb"},"inLanguage":"fr-FR","potentialAction":[{"@type":"ReadAction","target":["https:\/\/www.eloquentia.biz\/fr\/cabine-interpretation\/"]}]},{"@type":"BreadcrumbList","@id":"https:\/\/www.eloquentia.biz\/fr\/cabine-interpretation\/#breadcrumb","itemListElement":[{"@type":"ListItem","position":1,"name":"Home","item":"https:\/\/www.eloquentia.biz\/fr\/"},{"@type":"ListItem","position":2,"name":"Cabine d\u2019interpr\u00e9tation"}]},{"@type":"WebSite","@id":"https:\/\/www.eloquentia.biz\/fr\/#website","url":"https:\/\/www.eloquentia.biz\/fr\/","name":"Invitez la simplicit\u00e9 dans votre communication plurilingue","description":"","publisher":{"@id":"https:\/\/www.eloquentia.biz\/fr\/#organization"},"potentialAction":[{"@type":"SearchAction","target":{"@type":"EntryPoint","urlTemplate":"https:\/\/www.eloquentia.biz\/fr\/?s={search_term_string}"},"query-input":"required name=search_term_string"}],"inLanguage":"fr-FR"},{"@type":"Organization","@id":"https:\/\/www.eloquentia.biz\/fr\/#organization","name":"Invitez la simplicit\u00e9 dans votre communication plurilingue","url":"https:\/\/www.eloquentia.biz\/fr\/","logo":{"@type":"ImageObject","inLanguage":"fr-FR","@id":"https:\/\/www.eloquentia.biz\/fr\/#\/schema\/logo\/image\/","url":"https:\/\/www.eloquentia.biz\/wp-content\/uploads\/2020\/11\/cropped-logo_eloquentia-transparant-2-1.png","contentUrl":"https:\/\/www.eloquentia.biz\/wp-content\/uploads\/2020\/11\/cropped-logo_eloquentia-transparant-2-1.png","width":240,"height":77,"caption":"Invitez la simplicit\u00e9 dans votre communication plurilingue"},"image":{"@id":"https:\/\/www.eloquentia.biz\/fr\/#\/schema\/logo\/image\/"}}]}},"_links":{"self":[{"href":"https:\/\/www.eloquentia.biz\/fr\/wp-json\/wp\/v2\/pages\/2170"}],"collection":[{"href":"https:\/\/www.eloquentia.biz\/fr\/wp-json\/wp\/v2\/pages"}],"about":[{"href":"https:\/\/www.eloquentia.biz\/fr\/wp-json\/wp\/v2\/types\/page"}],"author":[{"embeddable":true,"href":"https:\/\/www.eloquentia.biz\/fr\/wp-json\/wp\/v2\/users\/5"}],"replies":[{"embeddable":true,"href":"https:\/\/www.eloquentia.biz\/fr\/wp-json\/wp\/v2\/comments?post=2170"}],"version-history":[{"count":1,"href":"https:\/\/www.eloquentia.biz\/fr\/wp-json\/wp\/v2\/pages\/2170\/revisions"}],"predecessor-version":[{"id":3713,"href":"https:\/\/www.eloquentia.biz\/fr\/wp-json\/wp\/v2\/pages\/2170\/revisions\/3713"}],"wp:attachment":[{"href":"https:\/\/www.eloquentia.biz\/fr\/wp-json\/wp\/v2\/media?parent=2170"}],"curies":[{"name":"wp","href":"https:\/\/api.w.org\/{rel}","templated":true}]}}