{"id":1999,"date":"2017-02-20T16:09:40","date_gmt":"2017-02-20T15:09:40","guid":{"rendered":"https:\/\/www.eloquentia.biz\/fr\/?page_id=1999"},"modified":"2020-11-25T16:22:49","modified_gmt":"2020-11-25T15:22:49","slug":"surtout-ny-croyez-pas","status":"publish","type":"page","link":"https:\/\/www.eloquentia.biz\/fr\/surtout-ny-croyez-pas\/","title":{"rendered":"Surtout, n&#8217;y croyez pas"},"content":{"rendered":"<h2>Qui comptons-nous de c\u00e9l\u00e8bre parmi nos clients\u00a0?<\/h2>\n<p>Nous pourrions, \u00e0 l\u2019exemple de nombreuses entreprises, \u00e9num\u00e9rer certains de nos <strong>clients au nom \u00e9vocateur<\/strong>. Mais <a href=\"https:\/\/www.eloquentia.biz\/fr\/\">Eloquentia<\/a> a choisi de ne rien en faire. Il ne s\u2019agirait en effet que d\u2019un simulacre de transparence, car vous continueriez d\u2019ignorer s\u2019il s\u2019agit de clients r\u00e9guliers ou sporadiques, quelles missions nous confient ces clients, s\u2019ils sont satisfaits, ou encore si nous travaillons directement pour eux ou en sous-traitance &#8230;<\/p>\n<p>Nous voulons pouvoir nous targuer de ne pas avoir \u00e0 citer de noms c\u00e9l\u00e8bres pour peaufiner notre image. Car notre souhait est de <strong>satisfaire chaque client<\/strong> qui fait appel \u00e0 nous, <strong>vous y compris<\/strong>. Que vous vous soyez d\u00e9j\u00e0 construit une notori\u00e9t\u00e9 ou non.<\/p>\n<h2>Vous trouvez notre discours peu audacieux ?<\/h2>\n<p>Nous pourrions \u00e9galement affirmer \u00eatre les meilleurs dans notre domaine, alors que de nombreux coll\u00e8gues vous garantiront un travail tout aussi qualitatif. Ou encore affirmer que <a href=\"https:\/\/www.eloquentia.biz\/fr\/\">Eloquentia<\/a> propose le meilleur rapport qualit\u00e9-prix du march\u00e9, alors qu\u2019il ne fait aucun doute que nous ne sommes pas les seuls \u00e0 fournir un travail de qualit\u00e9 \u00e0 prix raisonnable. Nous ne voulons pas nous profiler par rapport \u00e0 la concurrence.<\/p>\n<p>Parce que <strong>c\u2019est vous qui m\u00e9ritez en premier lieu notre attention<\/strong>. Nous souhaitons soutenir votre communication plurilingue afin que vous-m\u00eame puissiez vous concentrer sur le c\u0153ur de votre entreprise.<\/p>\n<h2>Que pouvons-nous ajouter \u00e0 notre propos\u00a0?<\/h2>\n<p><a href=\"https:\/\/www.eloquentia.biz\/fr\/\">Eloquentia<\/a> entend faire la diff\u00e9rence dans la mani\u00e8re dont elle aborde les travaux que vous lui confiez en tant que client. Notre satisfaction n\u2019a d\u2019\u00e9gale que votre propre satisfaction.<\/p>\n<p><strong>Notre plus belle publicit\u00e9<\/strong>, c\u2019est \u00e0 <strong>nos clients satisfaits<\/strong> que nous la devons.<\/p>\n<p>Vous souhaitez recevoir une offre\u00a0? <a href=\"https:\/\/www.eloquentia.biz\/fr\/devis-traduction-interpretation\/\">Cette rubrique<\/a> vous en apprendra davantage \u00e0 ce sujet.<\/p>\n","protected":false},"excerpt":{"rendered":"<p>Qui comptons-nous de c\u00e9l\u00e8bre parmi nos clients\u00a0? Nous pourrions, \u00e0 l\u2019exemple de nombreuses entreprises, \u00e9num\u00e9rer certains de nos clients au nom \u00e9vocateur. Mais Eloquentia a choisi de ne rien en faire. Il ne s\u2019agirait en effet que d\u2019un simulacre de transparence, car vous continueriez d\u2019ignorer s\u2019il s\u2019agit de clients r\u00e9guliers ou sporadiques, quelles missions nous &hellip; <a href=\"https:\/\/www.eloquentia.biz\/fr\/surtout-ny-croyez-pas\/\" class=\"more-link\">Continue reading<span class=\"screen-reader-text\"> &#8220;Surtout, n&#8217;y croyez pas&#8221;<\/span><\/a><\/p>\n","protected":false},"author":5,"featured_media":0,"parent":0,"menu_order":0,"comment_status":"closed","ping_status":"closed","template":"","meta":{"_s2mail":"yes"},"yoast_head":"<!-- This site is optimized with the Yoast SEO plugin v20.8 - https:\/\/yoast.com\/wordpress\/plugins\/seo\/ -->\n<title>Surtout, n&#039;y croyez pas - Invitez la simplicit\u00e9 dans votre communication plurilingue<\/title>\n<meta name=\"description\" content=\"Citer certains clients en traduction ou en interpr\u00e9tation pour dorer notre blason? Nous comparer \u00e0 nos coll\u00e8gues? Nous choisissons de ne pas le faire!\" \/>\n<meta name=\"robots\" content=\"index, follow, max-snippet:-1, max-image-preview:large, max-video-preview:-1\" \/>\n<link rel=\"canonical\" href=\"https:\/\/www.eloquentia.biz\/fr\/surtout-ny-croyez-pas\/\" \/>\n<meta property=\"og:locale\" content=\"fr_FR\" \/>\n<meta property=\"og:type\" content=\"article\" \/>\n<meta property=\"og:title\" content=\"Surtout, n&#039;y croyez pas - Invitez la simplicit\u00e9 dans votre communication plurilingue\" \/>\n<meta property=\"og:description\" content=\"Citer certains clients en traduction ou en interpr\u00e9tation pour dorer notre blason? Nous comparer \u00e0 nos coll\u00e8gues? Nous choisissons de ne pas le faire!\" \/>\n<meta property=\"og:url\" content=\"https:\/\/www.eloquentia.biz\/fr\/surtout-ny-croyez-pas\/\" \/>\n<meta property=\"og:site_name\" content=\"Invitez la simplicit\u00e9 dans votre communication plurilingue\" \/>\n<meta property=\"article:modified_time\" content=\"2020-11-25T15:22:49+00:00\" \/>\n<meta name=\"twitter:card\" content=\"summary_large_image\" \/>\n<meta name=\"twitter:label1\" content=\"Dur\u00e9e de lecture estim\u00e9e\" \/>\n\t<meta name=\"twitter:data1\" content=\"1 minute\" \/>\n<script type=\"application\/ld+json\" class=\"yoast-schema-graph\">{\"@context\":\"https:\/\/schema.org\",\"@graph\":[{\"@type\":\"WebPage\",\"@id\":\"https:\/\/www.eloquentia.biz\/fr\/surtout-ny-croyez-pas\/\",\"url\":\"https:\/\/www.eloquentia.biz\/fr\/surtout-ny-croyez-pas\/\",\"name\":\"Surtout, n'y croyez pas - Invitez la simplicit\u00e9 dans votre communication plurilingue\",\"isPartOf\":{\"@id\":\"https:\/\/www.eloquentia.biz\/fr\/#website\"},\"datePublished\":\"2017-02-20T15:09:40+00:00\",\"dateModified\":\"2020-11-25T15:22:49+00:00\",\"description\":\"Citer certains clients en traduction ou en interpr\u00e9tation pour dorer notre blason? Nous comparer \u00e0 nos coll\u00e8gues? Nous choisissons de ne pas le faire!\",\"breadcrumb\":{\"@id\":\"https:\/\/www.eloquentia.biz\/fr\/surtout-ny-croyez-pas\/#breadcrumb\"},\"inLanguage\":\"fr-FR\",\"potentialAction\":[{\"@type\":\"ReadAction\",\"target\":[\"https:\/\/www.eloquentia.biz\/fr\/surtout-ny-croyez-pas\/\"]}]},{\"@type\":\"BreadcrumbList\",\"@id\":\"https:\/\/www.eloquentia.biz\/fr\/surtout-ny-croyez-pas\/#breadcrumb\",\"itemListElement\":[{\"@type\":\"ListItem\",\"position\":1,\"name\":\"Home\",\"item\":\"https:\/\/www.eloquentia.biz\/fr\/\"},{\"@type\":\"ListItem\",\"position\":2,\"name\":\"Surtout, n&#8217;y croyez pas\"}]},{\"@type\":\"WebSite\",\"@id\":\"https:\/\/www.eloquentia.biz\/fr\/#website\",\"url\":\"https:\/\/www.eloquentia.biz\/fr\/\",\"name\":\"Invitez la simplicit\u00e9 dans votre communication plurilingue\",\"description\":\"\",\"publisher\":{\"@id\":\"https:\/\/www.eloquentia.biz\/fr\/#organization\"},\"potentialAction\":[{\"@type\":\"SearchAction\",\"target\":{\"@type\":\"EntryPoint\",\"urlTemplate\":\"https:\/\/www.eloquentia.biz\/fr\/?s={search_term_string}\"},\"query-input\":\"required name=search_term_string\"}],\"inLanguage\":\"fr-FR\"},{\"@type\":\"Organization\",\"@id\":\"https:\/\/www.eloquentia.biz\/fr\/#organization\",\"name\":\"Invitez la simplicit\u00e9 dans votre communication plurilingue\",\"url\":\"https:\/\/www.eloquentia.biz\/fr\/\",\"logo\":{\"@type\":\"ImageObject\",\"inLanguage\":\"fr-FR\",\"@id\":\"https:\/\/www.eloquentia.biz\/fr\/#\/schema\/logo\/image\/\",\"url\":\"https:\/\/www.eloquentia.biz\/wp-content\/uploads\/2020\/11\/cropped-logo_eloquentia-transparant-2-1.png\",\"contentUrl\":\"https:\/\/www.eloquentia.biz\/wp-content\/uploads\/2020\/11\/cropped-logo_eloquentia-transparant-2-1.png\",\"width\":240,\"height\":77,\"caption\":\"Invitez la simplicit\u00e9 dans votre communication plurilingue\"},\"image\":{\"@id\":\"https:\/\/www.eloquentia.biz\/fr\/#\/schema\/logo\/image\/\"}}]}<\/script>\n<!-- \/ Yoast SEO plugin. -->","yoast_head_json":{"title":"Surtout, n'y croyez pas - Invitez la simplicit\u00e9 dans votre communication plurilingue","description":"Citer certains clients en traduction ou en interpr\u00e9tation pour dorer notre blason? Nous comparer \u00e0 nos coll\u00e8gues? Nous choisissons de ne pas le faire!","robots":{"index":"index","follow":"follow","max-snippet":"max-snippet:-1","max-image-preview":"max-image-preview:large","max-video-preview":"max-video-preview:-1"},"canonical":"https:\/\/www.eloquentia.biz\/fr\/surtout-ny-croyez-pas\/","og_locale":"fr_FR","og_type":"article","og_title":"Surtout, n'y croyez pas - Invitez la simplicit\u00e9 dans votre communication plurilingue","og_description":"Citer certains clients en traduction ou en interpr\u00e9tation pour dorer notre blason? Nous comparer \u00e0 nos coll\u00e8gues? Nous choisissons de ne pas le faire!","og_url":"https:\/\/www.eloquentia.biz\/fr\/surtout-ny-croyez-pas\/","og_site_name":"Invitez la simplicit\u00e9 dans votre communication plurilingue","article_modified_time":"2020-11-25T15:22:49+00:00","twitter_card":"summary_large_image","twitter_misc":{"Dur\u00e9e de lecture estim\u00e9e":"1 minute"},"schema":{"@context":"https:\/\/schema.org","@graph":[{"@type":"WebPage","@id":"https:\/\/www.eloquentia.biz\/fr\/surtout-ny-croyez-pas\/","url":"https:\/\/www.eloquentia.biz\/fr\/surtout-ny-croyez-pas\/","name":"Surtout, n'y croyez pas - Invitez la simplicit\u00e9 dans votre communication plurilingue","isPartOf":{"@id":"https:\/\/www.eloquentia.biz\/fr\/#website"},"datePublished":"2017-02-20T15:09:40+00:00","dateModified":"2020-11-25T15:22:49+00:00","description":"Citer certains clients en traduction ou en interpr\u00e9tation pour dorer notre blason? Nous comparer \u00e0 nos coll\u00e8gues? Nous choisissons de ne pas le faire!","breadcrumb":{"@id":"https:\/\/www.eloquentia.biz\/fr\/surtout-ny-croyez-pas\/#breadcrumb"},"inLanguage":"fr-FR","potentialAction":[{"@type":"ReadAction","target":["https:\/\/www.eloquentia.biz\/fr\/surtout-ny-croyez-pas\/"]}]},{"@type":"BreadcrumbList","@id":"https:\/\/www.eloquentia.biz\/fr\/surtout-ny-croyez-pas\/#breadcrumb","itemListElement":[{"@type":"ListItem","position":1,"name":"Home","item":"https:\/\/www.eloquentia.biz\/fr\/"},{"@type":"ListItem","position":2,"name":"Surtout, n&#8217;y croyez pas"}]},{"@type":"WebSite","@id":"https:\/\/www.eloquentia.biz\/fr\/#website","url":"https:\/\/www.eloquentia.biz\/fr\/","name":"Invitez la simplicit\u00e9 dans votre communication plurilingue","description":"","publisher":{"@id":"https:\/\/www.eloquentia.biz\/fr\/#organization"},"potentialAction":[{"@type":"SearchAction","target":{"@type":"EntryPoint","urlTemplate":"https:\/\/www.eloquentia.biz\/fr\/?s={search_term_string}"},"query-input":"required name=search_term_string"}],"inLanguage":"fr-FR"},{"@type":"Organization","@id":"https:\/\/www.eloquentia.biz\/fr\/#organization","name":"Invitez la simplicit\u00e9 dans votre communication plurilingue","url":"https:\/\/www.eloquentia.biz\/fr\/","logo":{"@type":"ImageObject","inLanguage":"fr-FR","@id":"https:\/\/www.eloquentia.biz\/fr\/#\/schema\/logo\/image\/","url":"https:\/\/www.eloquentia.biz\/wp-content\/uploads\/2020\/11\/cropped-logo_eloquentia-transparant-2-1.png","contentUrl":"https:\/\/www.eloquentia.biz\/wp-content\/uploads\/2020\/11\/cropped-logo_eloquentia-transparant-2-1.png","width":240,"height":77,"caption":"Invitez la simplicit\u00e9 dans votre communication plurilingue"},"image":{"@id":"https:\/\/www.eloquentia.biz\/fr\/#\/schema\/logo\/image\/"}}]}},"_links":{"self":[{"href":"https:\/\/www.eloquentia.biz\/fr\/wp-json\/wp\/v2\/pages\/1999"}],"collection":[{"href":"https:\/\/www.eloquentia.biz\/fr\/wp-json\/wp\/v2\/pages"}],"about":[{"href":"https:\/\/www.eloquentia.biz\/fr\/wp-json\/wp\/v2\/types\/page"}],"author":[{"embeddable":true,"href":"https:\/\/www.eloquentia.biz\/fr\/wp-json\/wp\/v2\/users\/5"}],"replies":[{"embeddable":true,"href":"https:\/\/www.eloquentia.biz\/fr\/wp-json\/wp\/v2\/comments?post=1999"}],"version-history":[{"count":1,"href":"https:\/\/www.eloquentia.biz\/fr\/wp-json\/wp\/v2\/pages\/1999\/revisions"}],"predecessor-version":[{"id":3733,"href":"https:\/\/www.eloquentia.biz\/fr\/wp-json\/wp\/v2\/pages\/1999\/revisions\/3733"}],"wp:attachment":[{"href":"https:\/\/www.eloquentia.biz\/fr\/wp-json\/wp\/v2\/media?parent=1999"}],"curies":[{"name":"wp","href":"https:\/\/api.w.org\/{rel}","templated":true}]}}