{"id":1715,"date":"2017-01-03T11:10:05","date_gmt":"2017-01-03T10:10:05","guid":{"rendered":"https:\/\/www.eloquentia.biz\/fr\/?page_id=1715"},"modified":"2017-01-24T14:48:55","modified_gmt":"2017-01-24T13:48:55","slug":"location-sennheiser-tourguide","status":"publish","type":"page","link":"https:\/\/www.eloquentia.biz\/fr\/location-sennheiser-tourguide\/","title":{"rendered":"Location d\u2019un Sennheiser Tourguide"},"content":{"rendered":"<p>Des visites guid\u00e9es en grands groupes et\/ou en entreprises peuvent repr\u00e9senter une r\u00e9elle \u00e9preuve pour le guide. Celui-ci appr\u00e9cie tout naturellement qu\u2019on l\u2019\u00e9coute et lui ob\u00e9isse, mais dans un environnement particuli\u00e8rement bruyant, ce n\u2019est pas toujours une sin\u00e9cure. Bien s\u00fbr la voix d\u2019un guide peut avoir une meilleure port\u00e9e que celle d\u2019un autre, mais il n\u2019en reste pas moins que crier pour surmonter le bruit des machines n\u2019est gu\u00e8re agr\u00e9able.<\/p>\n<h2>Syst\u00e8me de visite guid\u00e9e Sennheiser Tourguide<\/h2>\n<p>Vous pouvez faire usage d\u2019un syst\u00e8me de visite guid\u00e9e du type Tourguide, fabriqu\u00e9 par la c\u00e9l\u00e8bre firme Sennheiser, de mani\u00e8re \u00e0 ce que les autres puissent vous entendre et vous comprendre sans que vous ayez \u00e0 vous casser la voix.<\/p>\n<p>Le Tourguide est une petite valise comportant vingt casques destin\u00e9s au public et un microphone sans fil destin\u00e9 au guide. Le guide s\u2019exprime avec un volume sonore normal dans le microphone, avec la certitude d\u2019\u00eatre bien compris de tous, m\u00eame s\u2019il y a du bruit de fond. Il \u00e9pargne en outre sa voix car il n\u2019a nul besoin de crier.<\/p>\n<h2>Possibilit\u00e9s de combinaisons multiples<\/h2>\n<p>Si votre groupe comporte plus de vingt personnes, vous pouvez combiner plusieurs valisettes. Le guide dispose quant \u00e0 lui toujours d\u2019un seul microphone, mais le nombre de casques est pratiquement illimit\u00e9. Lorsque plusieurs visites guid\u00e9es se d\u00e9roulent de fa\u00e7on simultan\u00e9e, vous pouvez \u00e9galement envisager l\u2019utilisation de plusieurs Tourguides. Le syst\u00e8me fonctionne sur six canaux de r\u00e9ception diff\u00e9rents, permettant de mener de front six sessions ou visites guid\u00e9es sans aucune interf\u00e9rence entre elles.<\/p>\n<h2>L\u2019interpr\u00e9tation simultan\u00e9e<\/h2>\n<p>Si vous organisez une visite guid\u00e9e pour un public plurilingue, l\u2019interpr\u00e8te \u00e0 qui vous faites appel peut lui aussi utiliser un Tourguide pour proposer une <a href=\"https:\/\/www.eloquentia.biz\/fr\/linterpretation-simultanee\/\">traduction simultan\u00e9e<\/a>. L\u2019interpr\u00e8te reste alors en permanence aupr\u00e8s du guide afin de bien l\u2019entendre sans que ce dernier ait \u00e0 crier\u00a0; il \u00e9nonce ensuite sa traduction dans le microphone. Une solution efficace et l\u00e9g\u00e8re pour mener \u00e0 bien des visites guid\u00e9es plurilingues.<\/p>\n<h2>Faites-en l\u2019exp\u00e9rience vous aussi.<\/h2>\n<p>Vous avez encore des questions sur le syst\u00e8me de visite guid\u00e9e Tourguide ou sur <a href=\"https:\/\/www.eloquentia.biz\/fr\/interprete\/\">les interpr\u00e8tes de D\u00e9esse<\/a>\u00a0? N\u2019h\u00e9sitez pas\u00a0: <a href=\"https:\/\/www.eloquentia.biz\/fr\/contact\/\">un simple coup de fil ou un e-mail<\/a> de votre part et nous nous ferons un plaisir de vous expliquer ce que nous avons \u00e0 vous proposer. Vous trouverez nos coordonn\u00e9es en bas de la page.<\/p>\n","protected":false},"excerpt":{"rendered":"<p>Des visites guid\u00e9es en grands groupes et\/ou en entreprises peuvent repr\u00e9senter une r\u00e9elle \u00e9preuve pour le guide. Celui-ci appr\u00e9cie tout naturellement qu\u2019on l\u2019\u00e9coute et lui ob\u00e9isse, mais dans un environnement particuli\u00e8rement bruyant, ce n\u2019est pas toujours une sin\u00e9cure. Bien s\u00fbr la voix d\u2019un guide peut avoir une meilleure port\u00e9e que celle d\u2019un autre, mais il &hellip; <a href=\"https:\/\/www.eloquentia.biz\/fr\/location-sennheiser-tourguide\/\" class=\"more-link\">Continue reading<span class=\"screen-reader-text\"> &#8220;Location d\u2019un Sennheiser Tourguide&#8221;<\/span><\/a><\/p>\n","protected":false},"author":5,"featured_media":0,"parent":0,"menu_order":21,"comment_status":"closed","ping_status":"closed","template":"","meta":{"_s2mail":"yes"},"yoast_head":"<!-- This site is optimized with the Yoast SEO plugin v20.8 - https:\/\/yoast.com\/wordpress\/plugins\/seo\/ -->\n<title>Location d\u2019un Sennheiser Tourguide - Invitez la simplicit\u00e9 dans votre communication plurilingue<\/title>\n<meta name=\"description\" content=\"Avec ou sans interpr\u00e9tation simultan\u00e9e, le Sennheiser Tourguide permet qu&#039;on vous entende et qu&#039;on vous comprenne facilement lors de visites guid\u00e9es.\" \/>\n<meta name=\"robots\" content=\"index, follow, max-snippet:-1, max-image-preview:large, max-video-preview:-1\" \/>\n<link rel=\"canonical\" href=\"https:\/\/www.eloquentia.biz\/fr\/location-sennheiser-tourguide\/\" \/>\n<meta property=\"og:locale\" content=\"fr_FR\" \/>\n<meta property=\"og:type\" content=\"article\" \/>\n<meta property=\"og:title\" content=\"Location d\u2019un Sennheiser Tourguide - Invitez la simplicit\u00e9 dans votre communication plurilingue\" \/>\n<meta property=\"og:description\" content=\"Avec ou sans interpr\u00e9tation simultan\u00e9e, le Sennheiser Tourguide permet qu&#039;on vous entende et qu&#039;on vous comprenne facilement lors de visites guid\u00e9es.\" \/>\n<meta property=\"og:url\" content=\"https:\/\/www.eloquentia.biz\/fr\/location-sennheiser-tourguide\/\" \/>\n<meta property=\"og:site_name\" content=\"Invitez la simplicit\u00e9 dans votre communication plurilingue\" \/>\n<meta property=\"article:modified_time\" content=\"2017-01-24T13:48:55+00:00\" \/>\n<meta name=\"twitter:card\" content=\"summary_large_image\" \/>\n<meta name=\"twitter:label1\" content=\"Dur\u00e9e de lecture estim\u00e9e\" \/>\n\t<meta name=\"twitter:data1\" content=\"2 minutes\" \/>\n<script type=\"application\/ld+json\" class=\"yoast-schema-graph\">{\"@context\":\"https:\/\/schema.org\",\"@graph\":[{\"@type\":\"WebPage\",\"@id\":\"https:\/\/www.eloquentia.biz\/fr\/location-sennheiser-tourguide\/\",\"url\":\"https:\/\/www.eloquentia.biz\/fr\/location-sennheiser-tourguide\/\",\"name\":\"Location d\u2019un Sennheiser Tourguide - Invitez la simplicit\u00e9 dans votre communication plurilingue\",\"isPartOf\":{\"@id\":\"https:\/\/www.eloquentia.biz\/fr\/#website\"},\"datePublished\":\"2017-01-03T10:10:05+00:00\",\"dateModified\":\"2017-01-24T13:48:55+00:00\",\"description\":\"Avec ou sans interpr\u00e9tation simultan\u00e9e, le Sennheiser Tourguide permet qu'on vous entende et qu'on vous comprenne facilement lors de visites guid\u00e9es.\",\"breadcrumb\":{\"@id\":\"https:\/\/www.eloquentia.biz\/fr\/location-sennheiser-tourguide\/#breadcrumb\"},\"inLanguage\":\"fr-FR\",\"potentialAction\":[{\"@type\":\"ReadAction\",\"target\":[\"https:\/\/www.eloquentia.biz\/fr\/location-sennheiser-tourguide\/\"]}]},{\"@type\":\"BreadcrumbList\",\"@id\":\"https:\/\/www.eloquentia.biz\/fr\/location-sennheiser-tourguide\/#breadcrumb\",\"itemListElement\":[{\"@type\":\"ListItem\",\"position\":1,\"name\":\"Home\",\"item\":\"https:\/\/www.eloquentia.biz\/fr\/\"},{\"@type\":\"ListItem\",\"position\":2,\"name\":\"Location d\u2019un Sennheiser Tourguide\"}]},{\"@type\":\"WebSite\",\"@id\":\"https:\/\/www.eloquentia.biz\/fr\/#website\",\"url\":\"https:\/\/www.eloquentia.biz\/fr\/\",\"name\":\"Invitez la simplicit\u00e9 dans votre communication plurilingue\",\"description\":\"\",\"publisher\":{\"@id\":\"https:\/\/www.eloquentia.biz\/fr\/#organization\"},\"potentialAction\":[{\"@type\":\"SearchAction\",\"target\":{\"@type\":\"EntryPoint\",\"urlTemplate\":\"https:\/\/www.eloquentia.biz\/fr\/?s={search_term_string}\"},\"query-input\":\"required name=search_term_string\"}],\"inLanguage\":\"fr-FR\"},{\"@type\":\"Organization\",\"@id\":\"https:\/\/www.eloquentia.biz\/fr\/#organization\",\"name\":\"Invitez la simplicit\u00e9 dans votre communication plurilingue\",\"url\":\"https:\/\/www.eloquentia.biz\/fr\/\",\"logo\":{\"@type\":\"ImageObject\",\"inLanguage\":\"fr-FR\",\"@id\":\"https:\/\/www.eloquentia.biz\/fr\/#\/schema\/logo\/image\/\",\"url\":\"https:\/\/www.eloquentia.biz\/wp-content\/uploads\/2020\/11\/cropped-logo_eloquentia-transparant-2-1.png\",\"contentUrl\":\"https:\/\/www.eloquentia.biz\/wp-content\/uploads\/2020\/11\/cropped-logo_eloquentia-transparant-2-1.png\",\"width\":240,\"height\":77,\"caption\":\"Invitez la simplicit\u00e9 dans votre communication plurilingue\"},\"image\":{\"@id\":\"https:\/\/www.eloquentia.biz\/fr\/#\/schema\/logo\/image\/\"}}]}<\/script>\n<!-- \/ Yoast SEO plugin. -->","yoast_head_json":{"title":"Location d\u2019un Sennheiser Tourguide - Invitez la simplicit\u00e9 dans votre communication plurilingue","description":"Avec ou sans interpr\u00e9tation simultan\u00e9e, le Sennheiser Tourguide permet qu'on vous entende et qu'on vous comprenne facilement lors de visites guid\u00e9es.","robots":{"index":"index","follow":"follow","max-snippet":"max-snippet:-1","max-image-preview":"max-image-preview:large","max-video-preview":"max-video-preview:-1"},"canonical":"https:\/\/www.eloquentia.biz\/fr\/location-sennheiser-tourguide\/","og_locale":"fr_FR","og_type":"article","og_title":"Location d\u2019un Sennheiser Tourguide - Invitez la simplicit\u00e9 dans votre communication plurilingue","og_description":"Avec ou sans interpr\u00e9tation simultan\u00e9e, le Sennheiser Tourguide permet qu'on vous entende et qu'on vous comprenne facilement lors de visites guid\u00e9es.","og_url":"https:\/\/www.eloquentia.biz\/fr\/location-sennheiser-tourguide\/","og_site_name":"Invitez la simplicit\u00e9 dans votre communication plurilingue","article_modified_time":"2017-01-24T13:48:55+00:00","twitter_card":"summary_large_image","twitter_misc":{"Dur\u00e9e de lecture estim\u00e9e":"2 minutes"},"schema":{"@context":"https:\/\/schema.org","@graph":[{"@type":"WebPage","@id":"https:\/\/www.eloquentia.biz\/fr\/location-sennheiser-tourguide\/","url":"https:\/\/www.eloquentia.biz\/fr\/location-sennheiser-tourguide\/","name":"Location d\u2019un Sennheiser Tourguide - Invitez la simplicit\u00e9 dans votre communication plurilingue","isPartOf":{"@id":"https:\/\/www.eloquentia.biz\/fr\/#website"},"datePublished":"2017-01-03T10:10:05+00:00","dateModified":"2017-01-24T13:48:55+00:00","description":"Avec ou sans interpr\u00e9tation simultan\u00e9e, le Sennheiser Tourguide permet qu'on vous entende et qu'on vous comprenne facilement lors de visites guid\u00e9es.","breadcrumb":{"@id":"https:\/\/www.eloquentia.biz\/fr\/location-sennheiser-tourguide\/#breadcrumb"},"inLanguage":"fr-FR","potentialAction":[{"@type":"ReadAction","target":["https:\/\/www.eloquentia.biz\/fr\/location-sennheiser-tourguide\/"]}]},{"@type":"BreadcrumbList","@id":"https:\/\/www.eloquentia.biz\/fr\/location-sennheiser-tourguide\/#breadcrumb","itemListElement":[{"@type":"ListItem","position":1,"name":"Home","item":"https:\/\/www.eloquentia.biz\/fr\/"},{"@type":"ListItem","position":2,"name":"Location d\u2019un Sennheiser Tourguide"}]},{"@type":"WebSite","@id":"https:\/\/www.eloquentia.biz\/fr\/#website","url":"https:\/\/www.eloquentia.biz\/fr\/","name":"Invitez la simplicit\u00e9 dans votre communication plurilingue","description":"","publisher":{"@id":"https:\/\/www.eloquentia.biz\/fr\/#organization"},"potentialAction":[{"@type":"SearchAction","target":{"@type":"EntryPoint","urlTemplate":"https:\/\/www.eloquentia.biz\/fr\/?s={search_term_string}"},"query-input":"required name=search_term_string"}],"inLanguage":"fr-FR"},{"@type":"Organization","@id":"https:\/\/www.eloquentia.biz\/fr\/#organization","name":"Invitez la simplicit\u00e9 dans votre communication plurilingue","url":"https:\/\/www.eloquentia.biz\/fr\/","logo":{"@type":"ImageObject","inLanguage":"fr-FR","@id":"https:\/\/www.eloquentia.biz\/fr\/#\/schema\/logo\/image\/","url":"https:\/\/www.eloquentia.biz\/wp-content\/uploads\/2020\/11\/cropped-logo_eloquentia-transparant-2-1.png","contentUrl":"https:\/\/www.eloquentia.biz\/wp-content\/uploads\/2020\/11\/cropped-logo_eloquentia-transparant-2-1.png","width":240,"height":77,"caption":"Invitez la simplicit\u00e9 dans votre communication plurilingue"},"image":{"@id":"https:\/\/www.eloquentia.biz\/fr\/#\/schema\/logo\/image\/"}}]}},"_links":{"self":[{"href":"https:\/\/www.eloquentia.biz\/fr\/wp-json\/wp\/v2\/pages\/1715"}],"collection":[{"href":"https:\/\/www.eloquentia.biz\/fr\/wp-json\/wp\/v2\/pages"}],"about":[{"href":"https:\/\/www.eloquentia.biz\/fr\/wp-json\/wp\/v2\/types\/page"}],"author":[{"embeddable":true,"href":"https:\/\/www.eloquentia.biz\/fr\/wp-json\/wp\/v2\/users\/5"}],"replies":[{"embeddable":true,"href":"https:\/\/www.eloquentia.biz\/fr\/wp-json\/wp\/v2\/comments?post=1715"}],"version-history":[{"count":0,"href":"https:\/\/www.eloquentia.biz\/fr\/wp-json\/wp\/v2\/pages\/1715\/revisions"}],"wp:attachment":[{"href":"https:\/\/www.eloquentia.biz\/fr\/wp-json\/wp\/v2\/media?parent=1715"}],"curies":[{"name":"wp","href":"https:\/\/api.w.org\/{rel}","templated":true}]}}