{"id":1702,"date":"2017-01-03T10:21:41","date_gmt":"2017-01-03T09:21:41","guid":{"rendered":"https:\/\/www.eloquentia.biz\/fr\/?page_id=1702"},"modified":"2017-01-24T14:48:06","modified_gmt":"2017-01-24T13:48:06","slug":"interpretation-methode-de-travail","status":"publish","type":"page","link":"https:\/\/www.eloquentia.biz\/fr\/interpretation-methode-de-travail\/","title":{"rendered":"Interpr\u00e9tation : m\u00e9thode de travail"},"content":{"rendered":"<p>[Si vous avez besoin d\u2019une traduction \u00e9crite, <a href=\"https:\/\/www.eloquentia.biz\/fr\/traduction-methode-de-travail\/\">cliquez ici<\/a>.]<\/p>\n<p>Quelles d\u00e9marches devez-vous entreprendre si vous souhaitez avoir une id\u00e9e du co\u00fbt que repr\u00e9sente l\u2019interpr\u00e9tation d\u2019une conf\u00e9rence ou d\u2019une r\u00e9union plurilingue\u00a0? Vous trouverez ci-dessous un aper\u00e7u des informations dont nous avons besoin pour r\u00e9diger un devis correct et libre de tout engagement en vue d\u2019assurer l\u2019interpr\u00e9tation de votre \u00e9v\u00e9nement.<\/p>\n<h2>De quelle interpr\u00e9tation s&#8217;agit-il?<\/h2>\n<ul>\n<li>Date, horaire et lieu<\/li>\n<li>Type d\u2019\u00e9v\u00e9nement\u00a0: conf\u00e9rence, r\u00e9union (syndicale), formation, etc. Plus vous nous fournissez de d\u00e9tails, mieux nous pourrons vous conseiller et plus pr\u00e9cis sera notre devis<\/li>\n<li>Nombre total de participants<\/li>\n<li>Nombre de participants pour qui une interpr\u00e9tation est requise<\/li>\n<\/ul>\n<p>Ces donn\u00e9es nous permettront d\u2019estimer de combien d\u2019interpr\u00e8tes vous avez besoin et quel \u00e9quipement nous devons mettre \u00e0 votre disposition. Vous pouvez bien s\u00fbr nous transmettre ces informations par e-mail, mais il est parfois plus simple de nous t\u00e9l\u00e9phoner (+32 472 76 54 55). Si nous avons d\u2019autres questions \u00e0 vous poser, cela nous permettra d\u2019\u00e9viter des allers-retours inutiles par voie \u00e9lectronique.<\/p>\n<h2>Pour quelle raison devriez-vous demander un devis \u00e0 l\u2019agence D\u00e9esse\u00a0?<\/h2>\n<p>Parce que D\u00e9esse est avant tout une agence d\u2019interpr\u00e9tation qui, contrairement \u00e0 la plupart des agences de traduction, dispose d\u2019interpr\u00e8tes(-conseils) qui peuvent vous fournir correctement un avis professionnel.<\/p>\n<p>Si vous souhaitez vous faire une id\u00e9e du type d\u2019\u00e9quipement dont vous avez besoin (<a href=\"https:\/\/www.eloquentia.biz\/fr\/location-cabine-traduction\/\">cabine<\/a>, <a href=\"https:\/\/www.eloquentia.biz\/fr\/valisette-interpretation\/\">valisette d&#8217;interpr\u00e9tation<\/a> ou rien), nous vous invitons \u00e0 consulter notre \u00ab <a href=\"https:\/\/www.eloquentia.biz\/wp-content\/uploads\/2015\/12\/\u00c9quipement_interpr\u00e8tes.pdf\">\u00c9quipement_interpr\u00e8tes<\/a>\u00a0\u00bb. Apr\u00e8s avoir simplement r\u00e9pondu par oui ou non \u00e0 quelques questions, vous saurez rapidement quelle configuration se r\u00e9v\u00e8le \u00eatre la plus adapt\u00e9e \u00e0 votre r\u00e9union.<\/p>\n<p>En principe, les interpr\u00e8tes sont toujours pr\u00e9sents dans la salle o\u00f9 doit se d\u00e9rouler l\u2019interpr\u00e9tation. Mais si vous ne souhaitez pas qu\u2019une cabine soit install\u00e9e dans votre salle de r\u00e9union ou qu\u2019il n\u2019y a tout bonnement pas assez de place, vous pouvez envisager d\u2019avoir recours \u00e0 l\u2019interpr\u00e9tation \u00e0 distance (ou le <em>remote interpreting<\/em>). Les interpr\u00e8tes travaillent en l\u2019occurrence depuis nos propres locaux. Nous pouvons vous expliquer par t\u00e9l\u00e9phone comment ce mode d\u2019interpr\u00e9tation fonctionne.<\/p>\n<p>Nous vous avons convaincu\u00a0? Mais vous avez encore des questions\u00a0? N\u2019h\u00e9sitez pas \u00e0 nous contacter par e-mail (info@eloquentia.biz) ou au num\u00e9ro +32 472 76 54 55. Nos interpr\u00e8tes seront heureux de pouvoir vous aider.<\/p>\n","protected":false},"excerpt":{"rendered":"<p>[Si vous avez besoin d\u2019une traduction \u00e9crite, cliquez ici.] Quelles d\u00e9marches devez-vous entreprendre si vous souhaitez avoir une id\u00e9e du co\u00fbt que repr\u00e9sente l\u2019interpr\u00e9tation d\u2019une conf\u00e9rence ou d\u2019une r\u00e9union plurilingue\u00a0? Vous trouverez ci-dessous un aper\u00e7u des informations dont nous avons besoin pour r\u00e9diger un devis correct et libre de tout engagement en vue d\u2019assurer l\u2019interpr\u00e9tation &hellip; <a href=\"https:\/\/www.eloquentia.biz\/fr\/interpretation-methode-de-travail\/\" class=\"more-link\">Continue reading<span class=\"screen-reader-text\"> &#8220;Interpr\u00e9tation : m\u00e9thode de travail&#8221;<\/span><\/a><\/p>\n","protected":false},"author":5,"featured_media":0,"parent":0,"menu_order":19,"comment_status":"closed","ping_status":"closed","template":"","meta":{"_s2mail":"yes"},"yoast_head":"<!-- This site is optimized with the Yoast SEO plugin v20.8 - https:\/\/yoast.com\/wordpress\/plugins\/seo\/ -->\n<title>Interpr\u00e9tation : m\u00e9thode de travail - Invitez la simplicit\u00e9 dans votre communication plurilingue<\/title>\n<meta name=\"description\" content=\"Quelles d\u00e9marches entreprendre pour avoir une id\u00e9e du co\u00fbt de l&#039;interpr\u00e9tation? Voici les informations dont nous avons besoin pour r\u00e9diger un devis correct.\" \/>\n<meta name=\"robots\" content=\"index, follow, max-snippet:-1, max-image-preview:large, max-video-preview:-1\" \/>\n<link rel=\"canonical\" href=\"https:\/\/www.eloquentia.biz\/fr\/interpretation-methode-de-travail\/\" \/>\n<meta property=\"og:locale\" content=\"fr_FR\" \/>\n<meta property=\"og:type\" content=\"article\" \/>\n<meta property=\"og:title\" content=\"Interpr\u00e9tation : m\u00e9thode de travail - Invitez la simplicit\u00e9 dans votre communication plurilingue\" \/>\n<meta property=\"og:description\" content=\"Quelles d\u00e9marches entreprendre pour avoir une id\u00e9e du co\u00fbt de l&#039;interpr\u00e9tation? Voici les informations dont nous avons besoin pour r\u00e9diger un devis correct.\" \/>\n<meta property=\"og:url\" content=\"https:\/\/www.eloquentia.biz\/fr\/interpretation-methode-de-travail\/\" \/>\n<meta property=\"og:site_name\" content=\"Invitez la simplicit\u00e9 dans votre communication plurilingue\" \/>\n<meta property=\"article:modified_time\" content=\"2017-01-24T13:48:06+00:00\" \/>\n<meta name=\"twitter:card\" content=\"summary_large_image\" \/>\n<meta name=\"twitter:label1\" content=\"Dur\u00e9e de lecture estim\u00e9e\" \/>\n\t<meta name=\"twitter:data1\" content=\"2 minutes\" \/>\n<script type=\"application\/ld+json\" class=\"yoast-schema-graph\">{\"@context\":\"https:\/\/schema.org\",\"@graph\":[{\"@type\":\"WebPage\",\"@id\":\"https:\/\/www.eloquentia.biz\/fr\/interpretation-methode-de-travail\/\",\"url\":\"https:\/\/www.eloquentia.biz\/fr\/interpretation-methode-de-travail\/\",\"name\":\"Interpr\u00e9tation : m\u00e9thode de travail - Invitez la simplicit\u00e9 dans votre communication plurilingue\",\"isPartOf\":{\"@id\":\"https:\/\/www.eloquentia.biz\/fr\/#website\"},\"datePublished\":\"2017-01-03T09:21:41+00:00\",\"dateModified\":\"2017-01-24T13:48:06+00:00\",\"description\":\"Quelles d\u00e9marches entreprendre pour avoir une id\u00e9e du co\u00fbt de l'interpr\u00e9tation? Voici les informations dont nous avons besoin pour r\u00e9diger un devis correct.\",\"breadcrumb\":{\"@id\":\"https:\/\/www.eloquentia.biz\/fr\/interpretation-methode-de-travail\/#breadcrumb\"},\"inLanguage\":\"fr-FR\",\"potentialAction\":[{\"@type\":\"ReadAction\",\"target\":[\"https:\/\/www.eloquentia.biz\/fr\/interpretation-methode-de-travail\/\"]}]},{\"@type\":\"BreadcrumbList\",\"@id\":\"https:\/\/www.eloquentia.biz\/fr\/interpretation-methode-de-travail\/#breadcrumb\",\"itemListElement\":[{\"@type\":\"ListItem\",\"position\":1,\"name\":\"Home\",\"item\":\"https:\/\/www.eloquentia.biz\/fr\/\"},{\"@type\":\"ListItem\",\"position\":2,\"name\":\"Interpr\u00e9tation : m\u00e9thode de travail\"}]},{\"@type\":\"WebSite\",\"@id\":\"https:\/\/www.eloquentia.biz\/fr\/#website\",\"url\":\"https:\/\/www.eloquentia.biz\/fr\/\",\"name\":\"Invitez la simplicit\u00e9 dans votre communication plurilingue\",\"description\":\"\",\"publisher\":{\"@id\":\"https:\/\/www.eloquentia.biz\/fr\/#organization\"},\"potentialAction\":[{\"@type\":\"SearchAction\",\"target\":{\"@type\":\"EntryPoint\",\"urlTemplate\":\"https:\/\/www.eloquentia.biz\/fr\/?s={search_term_string}\"},\"query-input\":\"required name=search_term_string\"}],\"inLanguage\":\"fr-FR\"},{\"@type\":\"Organization\",\"@id\":\"https:\/\/www.eloquentia.biz\/fr\/#organization\",\"name\":\"Invitez la simplicit\u00e9 dans votre communication plurilingue\",\"url\":\"https:\/\/www.eloquentia.biz\/fr\/\",\"logo\":{\"@type\":\"ImageObject\",\"inLanguage\":\"fr-FR\",\"@id\":\"https:\/\/www.eloquentia.biz\/fr\/#\/schema\/logo\/image\/\",\"url\":\"https:\/\/www.eloquentia.biz\/wp-content\/uploads\/2020\/11\/cropped-logo_eloquentia-transparant-2-1.png\",\"contentUrl\":\"https:\/\/www.eloquentia.biz\/wp-content\/uploads\/2020\/11\/cropped-logo_eloquentia-transparant-2-1.png\",\"width\":240,\"height\":77,\"caption\":\"Invitez la simplicit\u00e9 dans votre communication plurilingue\"},\"image\":{\"@id\":\"https:\/\/www.eloquentia.biz\/fr\/#\/schema\/logo\/image\/\"}}]}<\/script>\n<!-- \/ Yoast SEO plugin. -->","yoast_head_json":{"title":"Interpr\u00e9tation : m\u00e9thode de travail - Invitez la simplicit\u00e9 dans votre communication plurilingue","description":"Quelles d\u00e9marches entreprendre pour avoir une id\u00e9e du co\u00fbt de l'interpr\u00e9tation? Voici les informations dont nous avons besoin pour r\u00e9diger un devis correct.","robots":{"index":"index","follow":"follow","max-snippet":"max-snippet:-1","max-image-preview":"max-image-preview:large","max-video-preview":"max-video-preview:-1"},"canonical":"https:\/\/www.eloquentia.biz\/fr\/interpretation-methode-de-travail\/","og_locale":"fr_FR","og_type":"article","og_title":"Interpr\u00e9tation : m\u00e9thode de travail - Invitez la simplicit\u00e9 dans votre communication plurilingue","og_description":"Quelles d\u00e9marches entreprendre pour avoir une id\u00e9e du co\u00fbt de l'interpr\u00e9tation? Voici les informations dont nous avons besoin pour r\u00e9diger un devis correct.","og_url":"https:\/\/www.eloquentia.biz\/fr\/interpretation-methode-de-travail\/","og_site_name":"Invitez la simplicit\u00e9 dans votre communication plurilingue","article_modified_time":"2017-01-24T13:48:06+00:00","twitter_card":"summary_large_image","twitter_misc":{"Dur\u00e9e de lecture estim\u00e9e":"2 minutes"},"schema":{"@context":"https:\/\/schema.org","@graph":[{"@type":"WebPage","@id":"https:\/\/www.eloquentia.biz\/fr\/interpretation-methode-de-travail\/","url":"https:\/\/www.eloquentia.biz\/fr\/interpretation-methode-de-travail\/","name":"Interpr\u00e9tation : m\u00e9thode de travail - Invitez la simplicit\u00e9 dans votre communication plurilingue","isPartOf":{"@id":"https:\/\/www.eloquentia.biz\/fr\/#website"},"datePublished":"2017-01-03T09:21:41+00:00","dateModified":"2017-01-24T13:48:06+00:00","description":"Quelles d\u00e9marches entreprendre pour avoir une id\u00e9e du co\u00fbt de l'interpr\u00e9tation? Voici les informations dont nous avons besoin pour r\u00e9diger un devis correct.","breadcrumb":{"@id":"https:\/\/www.eloquentia.biz\/fr\/interpretation-methode-de-travail\/#breadcrumb"},"inLanguage":"fr-FR","potentialAction":[{"@type":"ReadAction","target":["https:\/\/www.eloquentia.biz\/fr\/interpretation-methode-de-travail\/"]}]},{"@type":"BreadcrumbList","@id":"https:\/\/www.eloquentia.biz\/fr\/interpretation-methode-de-travail\/#breadcrumb","itemListElement":[{"@type":"ListItem","position":1,"name":"Home","item":"https:\/\/www.eloquentia.biz\/fr\/"},{"@type":"ListItem","position":2,"name":"Interpr\u00e9tation : m\u00e9thode de travail"}]},{"@type":"WebSite","@id":"https:\/\/www.eloquentia.biz\/fr\/#website","url":"https:\/\/www.eloquentia.biz\/fr\/","name":"Invitez la simplicit\u00e9 dans votre communication plurilingue","description":"","publisher":{"@id":"https:\/\/www.eloquentia.biz\/fr\/#organization"},"potentialAction":[{"@type":"SearchAction","target":{"@type":"EntryPoint","urlTemplate":"https:\/\/www.eloquentia.biz\/fr\/?s={search_term_string}"},"query-input":"required name=search_term_string"}],"inLanguage":"fr-FR"},{"@type":"Organization","@id":"https:\/\/www.eloquentia.biz\/fr\/#organization","name":"Invitez la simplicit\u00e9 dans votre communication plurilingue","url":"https:\/\/www.eloquentia.biz\/fr\/","logo":{"@type":"ImageObject","inLanguage":"fr-FR","@id":"https:\/\/www.eloquentia.biz\/fr\/#\/schema\/logo\/image\/","url":"https:\/\/www.eloquentia.biz\/wp-content\/uploads\/2020\/11\/cropped-logo_eloquentia-transparant-2-1.png","contentUrl":"https:\/\/www.eloquentia.biz\/wp-content\/uploads\/2020\/11\/cropped-logo_eloquentia-transparant-2-1.png","width":240,"height":77,"caption":"Invitez la simplicit\u00e9 dans votre communication plurilingue"},"image":{"@id":"https:\/\/www.eloquentia.biz\/fr\/#\/schema\/logo\/image\/"}}]}},"_links":{"self":[{"href":"https:\/\/www.eloquentia.biz\/fr\/wp-json\/wp\/v2\/pages\/1702"}],"collection":[{"href":"https:\/\/www.eloquentia.biz\/fr\/wp-json\/wp\/v2\/pages"}],"about":[{"href":"https:\/\/www.eloquentia.biz\/fr\/wp-json\/wp\/v2\/types\/page"}],"author":[{"embeddable":true,"href":"https:\/\/www.eloquentia.biz\/fr\/wp-json\/wp\/v2\/users\/5"}],"replies":[{"embeddable":true,"href":"https:\/\/www.eloquentia.biz\/fr\/wp-json\/wp\/v2\/comments?post=1702"}],"version-history":[{"count":0,"href":"https:\/\/www.eloquentia.biz\/fr\/wp-json\/wp\/v2\/pages\/1702\/revisions"}],"wp:attachment":[{"href":"https:\/\/www.eloquentia.biz\/fr\/wp-json\/wp\/v2\/media?parent=1702"}],"curies":[{"name":"wp","href":"https:\/\/api.w.org\/{rel}","templated":true}]}}