{"id":1336,"date":"2016-11-20T15:07:24","date_gmt":"2016-11-20T14:07:24","guid":{"rendered":"http:\/\/www.makingpages.be\/ontwikkeling\/dscom_new\/cms\/fr\/?page_id=1336"},"modified":"2017-08-02T14:43:24","modified_gmt":"2017-08-02T13:43:24","slug":"traduction-francais-neerlandais","status":"publish","type":"page","link":"https:\/\/www.eloquentia.biz\/fr\/traduction-francais-neerlandais\/","title":{"rendered":"Traduction Fran\u00e7ais N\u00e9erlandais"},"content":{"rendered":"<p>Agence de traduction disposant de <a title=\"Tolken en vertalers\" href=\"https:\/\/www.eloquentia.biz\/fr\/traduction-et-interpretariat\/\">traducteurs et d&#8217;interpr\u00e8tes<\/a> en interne, D\u00e9esse est sp\u00e9cialis\u00e9e dans l&#8217;interpr\u00e9tation et la traduction fran\u00e7ais-n\u00e9erlandais et n\u00e9erlandais-fran\u00e7ais.<\/p>\n<p>Si vous souhaitez investir le march\u00e9 flamand ou n\u00e9erlandais avec vos produits ou services, choisissez une agence de traduction qui conna\u00eet ces march\u00e9s et qui peut vous accompagner d\u00e8s la toute premi\u00e8re prospection. Une agence qui ne s&#8217;arr\u00eate pas tant que ses traductions ne refl\u00e8tent pas votre professionnalisme et savoir-faire.<\/p>\n<p>\u00c0 bon entendeur, salut. Un briefing pr\u00e9alable succinct nous permet de cartographier vos besoins. Apr\u00e8s avoir identifi\u00e9 la finalit\u00e9 de la traduction, nous faisons appel \u00e0 un traducteur chevronn\u00e9 en fonction du th\u00e8me et du type de texte. En effet, tous les traducteurs ne peuvent pas se pencher sur tous les th\u00e8mes et types de textes. L&#8217;avantage de notre agence de traduction D\u00e9esse est que nous connaissons nos traducteurs, ainsi que nos interpr\u00e8tes, et que nous savons quelles sont leurs comp\u00e9tences et domaines d&#8217;expertise. Ce n&#8217;est qu&#8217;\u00e0 travers une s\u00e9lection minutieuse parmi tous nos professionnels de la traduction que nous pouvons garantir la qualit\u00e9 de chaque texte.<\/p>\n<p>D\u00e9trompez-vous toutefois si vous pensez que le fran\u00e7ais et le n\u00e9erlandais sont les seules langues pour lesquelles vous pouvez vous adresser \u00e0 notre agence de traduction D\u00e9esse. Nous disposons d&#8217;une vaste batterie de professionnels qui peuvent vous aider dans toutes les langues courantes europ\u00e9ennes, comme le n\u00e9erlandais, l&#8217;anglais, l&#8217;allemand, l&#8217;espagnol et l&#8217;italien, que ce soit \u00e0 partir du fran\u00e7ais ou vers le fran\u00e7ais. D\u00e9esse peut ainsi s&#8217;adapter \u00e0 la croissance nationale et internationale de votre entreprise. Nous visons les partenariats \u00e0 long terme et suivons le pas de vos \u00e9volutions.<\/p>\n<p>Pour de plus amples informations ou un devis sans engagement de votre part, n&#8217;h\u00e9sitez pas \u00e0 nous envoyer un <a href=\"mailto:info@eloquentia.biz\">courriel<\/a> ou \u00e0 nous appeler. Nos coordonn\u00e9es se trouvent ci-contre.<\/p>\n","protected":false},"excerpt":{"rendered":"<p>Agence de traduction disposant de traducteurs et d&#8217;interpr\u00e8tes en interne, D\u00e9esse est sp\u00e9cialis\u00e9e dans l&#8217;interpr\u00e9tation et la traduction fran\u00e7ais-n\u00e9erlandais et n\u00e9erlandais-fran\u00e7ais. Si vous souhaitez investir le march\u00e9 flamand ou n\u00e9erlandais avec vos produits ou services, choisissez une agence de traduction qui conna\u00eet ces march\u00e9s et qui peut vous accompagner d\u00e8s la toute premi\u00e8re prospection. Une &hellip; <a href=\"https:\/\/www.eloquentia.biz\/fr\/traduction-francais-neerlandais\/\" class=\"more-link\">Continue reading<span class=\"screen-reader-text\"> &#8220;Traduction Fran\u00e7ais N\u00e9erlandais&#8221;<\/span><\/a><\/p>\n","protected":false},"author":8,"featured_media":0,"parent":0,"menu_order":28,"comment_status":"closed","ping_status":"closed","template":"","meta":{"_s2mail":"yes"},"yoast_head":"<!-- This site is optimized with the Yoast SEO plugin v20.8 - https:\/\/yoast.com\/wordpress\/plugins\/seo\/ -->\n<title>Traduction Fran\u00e7ais N\u00e9erlandais - Invitez la simplicit\u00e9 dans votre communication plurilingue<\/title>\n<meta name=\"robots\" content=\"index, follow, max-snippet:-1, max-image-preview:large, max-video-preview:-1\" \/>\n<link rel=\"canonical\" href=\"https:\/\/www.eloquentia.biz\/fr\/traduction-francais-neerlandais\/\" \/>\n<meta property=\"og:locale\" content=\"fr_FR\" \/>\n<meta property=\"og:type\" content=\"article\" \/>\n<meta property=\"og:title\" content=\"Traduction Fran\u00e7ais N\u00e9erlandais - Invitez la simplicit\u00e9 dans votre communication plurilingue\" \/>\n<meta property=\"og:description\" content=\"Agence de traduction disposant de traducteurs et d&#8217;interpr\u00e8tes en interne, D\u00e9esse est sp\u00e9cialis\u00e9e dans l&#8217;interpr\u00e9tation et la traduction fran\u00e7ais-n\u00e9erlandais et n\u00e9erlandais-fran\u00e7ais. Si vous souhaitez investir le march\u00e9 flamand ou n\u00e9erlandais avec vos produits ou services, choisissez une agence de traduction qui conna\u00eet ces march\u00e9s et qui peut vous accompagner d\u00e8s la toute premi\u00e8re prospection. Une &hellip; Continue reading &quot;Traduction Fran\u00e7ais N\u00e9erlandais&quot;\" \/>\n<meta property=\"og:url\" content=\"https:\/\/www.eloquentia.biz\/fr\/traduction-francais-neerlandais\/\" \/>\n<meta property=\"og:site_name\" content=\"Invitez la simplicit\u00e9 dans votre communication plurilingue\" \/>\n<meta property=\"article:modified_time\" content=\"2017-08-02T13:43:24+00:00\" \/>\n<meta name=\"twitter:card\" content=\"summary_large_image\" \/>\n<meta name=\"twitter:label1\" content=\"Dur\u00e9e de lecture estim\u00e9e\" \/>\n\t<meta name=\"twitter:data1\" content=\"2 minutes\" \/>\n<script type=\"application\/ld+json\" class=\"yoast-schema-graph\">{\"@context\":\"https:\/\/schema.org\",\"@graph\":[{\"@type\":\"WebPage\",\"@id\":\"https:\/\/www.eloquentia.biz\/fr\/traduction-francais-neerlandais\/\",\"url\":\"https:\/\/www.eloquentia.biz\/fr\/traduction-francais-neerlandais\/\",\"name\":\"Traduction Fran\u00e7ais N\u00e9erlandais - Invitez la simplicit\u00e9 dans votre communication plurilingue\",\"isPartOf\":{\"@id\":\"https:\/\/www.eloquentia.biz\/fr\/#website\"},\"datePublished\":\"2016-11-20T14:07:24+00:00\",\"dateModified\":\"2017-08-02T13:43:24+00:00\",\"breadcrumb\":{\"@id\":\"https:\/\/www.eloquentia.biz\/fr\/traduction-francais-neerlandais\/#breadcrumb\"},\"inLanguage\":\"fr-FR\",\"potentialAction\":[{\"@type\":\"ReadAction\",\"target\":[\"https:\/\/www.eloquentia.biz\/fr\/traduction-francais-neerlandais\/\"]}]},{\"@type\":\"BreadcrumbList\",\"@id\":\"https:\/\/www.eloquentia.biz\/fr\/traduction-francais-neerlandais\/#breadcrumb\",\"itemListElement\":[{\"@type\":\"ListItem\",\"position\":1,\"name\":\"Home\",\"item\":\"https:\/\/www.eloquentia.biz\/fr\/\"},{\"@type\":\"ListItem\",\"position\":2,\"name\":\"Traduction Fran\u00e7ais N\u00e9erlandais\"}]},{\"@type\":\"WebSite\",\"@id\":\"https:\/\/www.eloquentia.biz\/fr\/#website\",\"url\":\"https:\/\/www.eloquentia.biz\/fr\/\",\"name\":\"Invitez la simplicit\u00e9 dans votre communication plurilingue\",\"description\":\"\",\"publisher\":{\"@id\":\"https:\/\/www.eloquentia.biz\/fr\/#organization\"},\"potentialAction\":[{\"@type\":\"SearchAction\",\"target\":{\"@type\":\"EntryPoint\",\"urlTemplate\":\"https:\/\/www.eloquentia.biz\/fr\/?s={search_term_string}\"},\"query-input\":\"required name=search_term_string\"}],\"inLanguage\":\"fr-FR\"},{\"@type\":\"Organization\",\"@id\":\"https:\/\/www.eloquentia.biz\/fr\/#organization\",\"name\":\"Invitez la simplicit\u00e9 dans votre communication plurilingue\",\"url\":\"https:\/\/www.eloquentia.biz\/fr\/\",\"logo\":{\"@type\":\"ImageObject\",\"inLanguage\":\"fr-FR\",\"@id\":\"https:\/\/www.eloquentia.biz\/fr\/#\/schema\/logo\/image\/\",\"url\":\"https:\/\/www.eloquentia.biz\/wp-content\/uploads\/2020\/11\/cropped-logo_eloquentia-transparant-2-1.png\",\"contentUrl\":\"https:\/\/www.eloquentia.biz\/wp-content\/uploads\/2020\/11\/cropped-logo_eloquentia-transparant-2-1.png\",\"width\":240,\"height\":77,\"caption\":\"Invitez la simplicit\u00e9 dans votre communication plurilingue\"},\"image\":{\"@id\":\"https:\/\/www.eloquentia.biz\/fr\/#\/schema\/logo\/image\/\"}}]}<\/script>\n<!-- \/ Yoast SEO plugin. -->","yoast_head_json":{"title":"Traduction Fran\u00e7ais N\u00e9erlandais - Invitez la simplicit\u00e9 dans votre communication plurilingue","robots":{"index":"index","follow":"follow","max-snippet":"max-snippet:-1","max-image-preview":"max-image-preview:large","max-video-preview":"max-video-preview:-1"},"canonical":"https:\/\/www.eloquentia.biz\/fr\/traduction-francais-neerlandais\/","og_locale":"fr_FR","og_type":"article","og_title":"Traduction Fran\u00e7ais N\u00e9erlandais - Invitez la simplicit\u00e9 dans votre communication plurilingue","og_description":"Agence de traduction disposant de traducteurs et d&#8217;interpr\u00e8tes en interne, D\u00e9esse est sp\u00e9cialis\u00e9e dans l&#8217;interpr\u00e9tation et la traduction fran\u00e7ais-n\u00e9erlandais et n\u00e9erlandais-fran\u00e7ais. Si vous souhaitez investir le march\u00e9 flamand ou n\u00e9erlandais avec vos produits ou services, choisissez une agence de traduction qui conna\u00eet ces march\u00e9s et qui peut vous accompagner d\u00e8s la toute premi\u00e8re prospection. Une &hellip; Continue reading \"Traduction Fran\u00e7ais N\u00e9erlandais\"","og_url":"https:\/\/www.eloquentia.biz\/fr\/traduction-francais-neerlandais\/","og_site_name":"Invitez la simplicit\u00e9 dans votre communication plurilingue","article_modified_time":"2017-08-02T13:43:24+00:00","twitter_card":"summary_large_image","twitter_misc":{"Dur\u00e9e de lecture estim\u00e9e":"2 minutes"},"schema":{"@context":"https:\/\/schema.org","@graph":[{"@type":"WebPage","@id":"https:\/\/www.eloquentia.biz\/fr\/traduction-francais-neerlandais\/","url":"https:\/\/www.eloquentia.biz\/fr\/traduction-francais-neerlandais\/","name":"Traduction Fran\u00e7ais N\u00e9erlandais - Invitez la simplicit\u00e9 dans votre communication plurilingue","isPartOf":{"@id":"https:\/\/www.eloquentia.biz\/fr\/#website"},"datePublished":"2016-11-20T14:07:24+00:00","dateModified":"2017-08-02T13:43:24+00:00","breadcrumb":{"@id":"https:\/\/www.eloquentia.biz\/fr\/traduction-francais-neerlandais\/#breadcrumb"},"inLanguage":"fr-FR","potentialAction":[{"@type":"ReadAction","target":["https:\/\/www.eloquentia.biz\/fr\/traduction-francais-neerlandais\/"]}]},{"@type":"BreadcrumbList","@id":"https:\/\/www.eloquentia.biz\/fr\/traduction-francais-neerlandais\/#breadcrumb","itemListElement":[{"@type":"ListItem","position":1,"name":"Home","item":"https:\/\/www.eloquentia.biz\/fr\/"},{"@type":"ListItem","position":2,"name":"Traduction Fran\u00e7ais N\u00e9erlandais"}]},{"@type":"WebSite","@id":"https:\/\/www.eloquentia.biz\/fr\/#website","url":"https:\/\/www.eloquentia.biz\/fr\/","name":"Invitez la simplicit\u00e9 dans votre communication plurilingue","description":"","publisher":{"@id":"https:\/\/www.eloquentia.biz\/fr\/#organization"},"potentialAction":[{"@type":"SearchAction","target":{"@type":"EntryPoint","urlTemplate":"https:\/\/www.eloquentia.biz\/fr\/?s={search_term_string}"},"query-input":"required name=search_term_string"}],"inLanguage":"fr-FR"},{"@type":"Organization","@id":"https:\/\/www.eloquentia.biz\/fr\/#organization","name":"Invitez la simplicit\u00e9 dans votre communication plurilingue","url":"https:\/\/www.eloquentia.biz\/fr\/","logo":{"@type":"ImageObject","inLanguage":"fr-FR","@id":"https:\/\/www.eloquentia.biz\/fr\/#\/schema\/logo\/image\/","url":"https:\/\/www.eloquentia.biz\/wp-content\/uploads\/2020\/11\/cropped-logo_eloquentia-transparant-2-1.png","contentUrl":"https:\/\/www.eloquentia.biz\/wp-content\/uploads\/2020\/11\/cropped-logo_eloquentia-transparant-2-1.png","width":240,"height":77,"caption":"Invitez la simplicit\u00e9 dans votre communication plurilingue"},"image":{"@id":"https:\/\/www.eloquentia.biz\/fr\/#\/schema\/logo\/image\/"}}]}},"_links":{"self":[{"href":"https:\/\/www.eloquentia.biz\/fr\/wp-json\/wp\/v2\/pages\/1336"}],"collection":[{"href":"https:\/\/www.eloquentia.biz\/fr\/wp-json\/wp\/v2\/pages"}],"about":[{"href":"https:\/\/www.eloquentia.biz\/fr\/wp-json\/wp\/v2\/types\/page"}],"author":[{"embeddable":true,"href":"https:\/\/www.eloquentia.biz\/fr\/wp-json\/wp\/v2\/users\/8"}],"replies":[{"embeddable":true,"href":"https:\/\/www.eloquentia.biz\/fr\/wp-json\/wp\/v2\/comments?post=1336"}],"version-history":[{"count":0,"href":"https:\/\/www.eloquentia.biz\/fr\/wp-json\/wp\/v2\/pages\/1336\/revisions"}],"wp:attachment":[{"href":"https:\/\/www.eloquentia.biz\/fr\/wp-json\/wp\/v2\/media?parent=1336"}],"curies":[{"name":"wp","href":"https:\/\/api.w.org\/{rel}","templated":true}]}}