{"id":1326,"date":"2016-11-20T14:49:10","date_gmt":"2016-11-20T13:49:10","guid":{"rendered":"http:\/\/www.makingpages.be\/ontwikkeling\/dscom_new\/cms\/fr\/?page_id=1326"},"modified":"2020-08-31T15:31:16","modified_gmt":"2020-08-31T14:31:16","slug":"conditions-generales","status":"publish","type":"page","link":"https:\/\/www.eloquentia.biz\/fr\/conditions-generales\/","title":{"rendered":"Conditions g\u00e9n\u00e9rales de vente"},"content":{"rendered":"<h2>G\u00e9n\u00e9ralit\u00e9s<\/h2>\n<ol>\n<li>Le montant de la facture doit \u00eatre transf\u00e9r\u00e9 sur le num\u00e9ro de compte mentionn\u00e9 sur la facture et ce au plus tard \u00e0 l&#8217;\u00e9ch\u00e9ance. D&#8217;autres modes de paiement doivent express\u00e9ment et pr\u00e9alablement \u00eatre approuv\u00e9s par Communicatiebureau D\u00e9esse S.R.L. Les \u00e9ventuels frais bancaires sont \u00e0 charge du client.<\/li>\n<li>Les plaintes doivent \u00eatre adress\u00e9es par lettre recommand\u00e9e au si\u00e8ge social de Communicatiebureau D\u00e9esse S.R.L. dans les cinq jours ouvrables suivant la prestation de services. L&#8217;introduction d&#8217;une plainte n&#8217;entra\u00eene jamais la suspension de l&#8217;ex\u00e9cution de l&#8217;obligation de paiement du client. Si Communicatiebureau D\u00e9esse S.R.L. et le client ne trouvent pas un accord \u00e0 l&#8217;amiable, le litige est soumis au comit\u00e9 d&#8217;arbitrage de la Chambre belge des traducteurs et interpr\u00e8tes. L&#8217;avis du comit\u00e9 d&#8217;arbitrage est contraignant. Les \u00e9ventuels frais en d\u00e9coulant sont \u00e0 charge du client. Si Communicatiebureau D\u00e9esse S.R.L. obtient gain de cause, celle-ci peut pr\u00e9tendre \u00e0 une indemnit\u00e9 \u00e0 sp\u00e9cifier due par le client. Lorsque Communicatiebureau D\u00e9esse S.R.L. est la partie succombante, la responsabilit\u00e9 de celle-ci est limit\u00e9e comme d\u00e9termin\u00e9 au point 10 des pr\u00e9sentes conditions g\u00e9n\u00e9rales.<\/li>\n<li>Le paiement partiel du montant de la facture ne constitue pas une contestation. Une contestation formelle doit \u00eatre form\u00e9e comme d\u00e9crit au point 2 ci-dessus.<\/li>\n<li>Un accord est seulement atteint lorsque le client accepte l&#8217;offre de Communicatiebureau D\u00e9esse S.R.L. et que celle-ci confirme que la commande du client peut \u00eatre ex\u00e9cut\u00e9e. Si le client accepte l&#8217;offre de Communicatiebureau D\u00e9esse S.R.L., il accepte \u00e9galement express\u00e9ment les conditions g\u00e9n\u00e9rales et particuli\u00e8res de celle-ci.<\/li>\n<li>Tous les devis et offres de Communicatiebureau D\u00e9esse S.R.L. ont un caract\u00e8re purement informatif et n&#8217;engagent aucunement Communicatiebureau D\u00e9esse S.R.L. tant que celle-ci n&#8217;a pas confirm\u00e9 l&#8217;acceptation de l&#8217;offre par le client. Les offres et les devis pour les missions d&#8217;interpr\u00e9tation et la location de mat\u00e9riel sont valables tant que Communicatiebureau D\u00e9esse S.R.L. dispose des interpr\u00e8tes et\/ou du mat\u00e9riel n\u00e9cessaires. Quoiqu&#8217;il en soit, les offres et les devis de Communicatiebureau D\u00e9esse S.R.L., tant pour les missions d&#8217;interpr\u00e9tation que pour les missions \u00e9crites, ne sont valables qu&#8217;un mois maximum.<\/li>\n<li>En cas de non-paiement \u00e0 la date d&#8217;\u00e9ch\u00e9ance mentionn\u00e9e sur la facture, un int\u00e9r\u00eat de retard de 10 % par mois du montant de la facture est d\u00fb de plein droit et sans mise en demeure pr\u00e9alable \u00e0 partir de l&#8217;\u00e9ch\u00e9ance, par mois entam\u00e9, ainsi qu&#8217;une indemnit\u00e9 forfaitaire de 10 % du montant de la facture (avec un montant minimum de 150\u00a0euros) comme clause indemnitaire, en plus des frais administratifs de 10\u00a0euros. Le paiement tardif du montant en principal ne donne aucunement lieu \u00e0 l&#8217;acquittement des frais suppl\u00e9mentaires susmentionn\u00e9s.<\/li>\n<li>En cas de non-paiement, d&#8217;insolvabilit\u00e9 ou de faillite dans le chef du client, toutes les dettes impay\u00e9es du client sont imm\u00e9diatement exigibles, m\u00eame les dettes qui d\u00e9coulent de factures non \u00e9chues. Le cas \u00e9ch\u00e9ant, Communicatiebureau D\u00e9esse S.R.L. se r\u00e9serve le droit de suspendre pour une dur\u00e9e ind\u00e9termin\u00e9e les prestations en cours et futures, sans pr\u00e9judice du droit de Communicatiebureau D\u00e9esse S.R.L. de r\u00e9clamer le paiement imm\u00e9diat des travaux et des livraisons suspendus.<\/li>\n<li>Communicatiebureau D\u00e9esse S.R.L. ne peut \u00eatre tenue responsable lorsqu&#8217;un service n&#8217;est pas fourni ou est fourni en retard pour cause de force majeure. Par force majeure est notamment entendu : l&#8217;absence de livraison ou une livraison tardive par un fournisseur de Communicatiebureau D\u00e9esse S.R.L., les pannes d&#8217;\u00e9lectricit\u00e9, les \u00e9pid\u00e9mies, les pand\u00e9mies, les inondations, les gr\u00e8ves (patronales), le hardship, l&#8217;acc\u00e8s limit\u00e9 ou impossible \u00e0 internet ou au r\u00e9seau de t\u00e9l\u00e9communications et le mat\u00e9riel roulant d\u00e9fectueux. Communicatiebureau D\u00e9esse S.R.L. n&#8217;est pas responsable de d\u00e9g\u00e2ts directs ou indirects qui d\u00e9coulent d&#8217;instructions incorrectes du client.<\/li>\n<li>Les interpr\u00e8tes et traducteurs de Communicatiebureau D\u00e9esse S.R.L. sont tenus au secret professionnel. Ceci implique qu\u2019ils traiteront en toute confidentialit\u00e9 les informations non publiques mises \u00e0 disposition par le client. La responsabilit\u00e9 de Communicatiebureau D\u00e9esse S.R.L. ne peut toutefois pas \u00eatre invoqu\u00e9e en cas de perte ou d\u2019endommagement des documents ou des informations mis \u00e0 disposition, sauf en cas d&#8217;intention malveillante ou de n\u00e9gligence grave de la part de ses interpr\u00e8tes ou traducteurs. Par ailleurs, l&#8217;agence de communication D\u00e9esse S.R.L. ne peut \u00eatre tenue responsable de l&#8217;acc\u00e8s non autoris\u00e9 \u00e0 des donn\u00e9es personnelles ou confidentielles, lorsque cet acc\u00e8s a \u00e9t\u00e9 obtenu \u00e0 son insu ou si elle n\u2019\u00e9tait pas en mesure d\u2019en contr\u00f4ler l\u2019acc\u00e8s.<\/li>\n<li>Lorsque, pour une raison quelconque, Communicatiebureau D\u00e9esse S.R.L. est consid\u00e9r\u00e9e responsable du pr\u00e9judice, cette responsabilit\u00e9 se limite au montant de la facture, le devis ou, \u00e0 d\u00e9faut, du montant pr\u00e9vu de la facture.<\/li>\n<li>Communicatiebureau D\u00e9esse S.R.L. s\u2019engage \u00e0 observer les dispositions du R\u00e8glement g\u00e9n\u00e9ral sur la protection des donn\u00e9es (UE) 2016\/679. En particulier, Communicatiebureau D\u00e9esse S.R.L. ne traite que les donn\u00e9es \u00e0 caract\u00e8re personnel n\u00e9cessaires \u00e0 l\u2019ex\u00e9cution du contrat. Les donn\u00e9es \u00e0 caract\u00e8re personnel sont conserv\u00e9es uniquement pendant la dur\u00e9e n\u00e9cessaire \u00e0 la r\u00e9alisation de la finalit\u00e9 pour laquelle ces donn\u00e9es sont trait\u00e9es. La personne concern\u00e9e a le droit de demander \u00e0 Communicatiebureau D\u00e9esse S.R.L. l&#8217;acc\u00e8s, la correction ou la suppression de ses donn\u00e9es \u00e0 caract\u00e8re personnel, et ce uniquement \u00e0 condition que le traitement des donn\u00e9es \u00e0 caract\u00e8re personnel ne vise aucune autre finalit\u00e9 l\u00e9gitime.<\/li>\n<li>Le client accepte que Communicatiebureau D\u00e9esse S.R.L. puisse sous-traiter la mission sans concertation pr\u00e9alable \u00e0 un ou plusieurs tiers prestataires de services.<\/li>\n<li>Le droit belge s&#8217;applique \u00e0 toutes les commandes et services fournis.<\/li>\n<li>Les \u00e9ventuelles conditions d&#8217;achat du client sont express\u00e9ment rejet\u00e9es.<\/li>\n<li>La nullit\u00e9 d&#8217;une ou de plusieurs dispositions des pr\u00e9sentes conditions g\u00e9n\u00e9rales ne porte pas pr\u00e9judice \u00e0 la validit\u00e9 des autres dispositions.<\/li>\n<li>En cas de litige, seuls les tribunaux de l&#8217;arrondissement d&#8217;Audenarde sont comp\u00e9tents. Seule la version n\u00e9erlandaise des pr\u00e9sentes conditions g\u00e9n\u00e9rales sera utilis\u00e9e pour l&#8217;interpr\u00e9tation du pr\u00e9sent document.<\/li>\n<\/ol>\n<h2>Missions \u00e9crites<\/h2>\n<ol>\n<li>Les d\u00e9lais de livraison communiqu\u00e9s par Communicatiebureau D\u00e9esse S.R.L. sont purement indicatifs et sans engagement. Communicatiebureau D\u00e9esse S.R.L. n&#8217;est aucunement responsable de pr\u00e9judices directs ou indirects d\u00e9coulant du non-respect d&#8217;un d\u00e9lai de livraison.<\/li>\n<li>Les prestations \u00e9crites sont consid\u00e9r\u00e9es comme \u00e9tant fournies d\u00e8s que Communicatiebureau D\u00e9esse S.R.L. envoie les travaux command\u00e9s au client par voie \u00e9lectronique ou les met sur un support physique envoy\u00e9 par la poste.<\/li>\n<li>Les missions \u00e9crites confirm\u00e9es qui sont annul\u00e9es par le client un jour ouvrable avant la date de livraison convenue, sont int\u00e9gralement factur\u00e9es. Les missions \u00e9crites confirm\u00e9es qui sont annul\u00e9es par le client avant le d\u00e9lai susmentionn\u00e9, sont factur\u00e9es en fonction des travaux r\u00e9alis\u00e9s.<\/li>\n<li>Communicatiebureau D\u00e9esse S.R.L. n&#8217;accepte aucune responsabilit\u00e9 quant aux traductions ou aux textes modifi\u00e9s en dehors de sa volont\u00e9 et\/ou sans son approbation.<\/li>\n<\/ol>\n<h2>Missions d\u2019interpr\u00e9tation et location de mat\u00e9riel<\/h2>\n<ol>\n<li>Les interpr\u00e8tes de Communicatiebureau D\u00e9esse S.R.L. s\u2019engagent \u00e0 restituer oralement un discours exprim\u00e9 dans une autre langue. Ils sont tenus de restituer le discours au mieux de leurs capacit\u00e9s et selon les r\u00e8gles de l\u2019art de la profession. La prestation de l\u2019interpr\u00e8te sert uniquement \u00e0 favoriser la communication entre les diff\u00e9rentes parties et ne peut \u00eatre consid\u00e9r\u00e9e comme une restitution authentique du discours, de la r\u00e9union ou de la conf\u00e9rence.<\/li>\n<li>Communicatiebureau D\u00e9esse S.R.L. ne peut \u00eatre tenue responsable d\u2019un quelconque pr\u00e9judice caus\u00e9 au client ou \u00e0 des tiers en raison de la prestation fournie ou \u00e0 fournir, sauf en cas d\u2019intention malveillante ou de n\u00e9gligence grave de la part des interpr\u00e8tes et\/ou de Communicatiebureau D\u00e9esse S.R.L..<\/li>\n<li>La responsabilit\u00e9 de Communicatiebureau D\u00e9esse S.R.L. ne peut \u00eatre invoqu\u00e9e en cas de non-fonctionnement du mat\u00e9riel utilis\u00e9 (tel que, sans y \u00eatre limit\u00e9, une cabine d&#8217;interpr\u00e9tation, un Tourguide, une plateforme en ligne), sauf si Communicatiebureau D\u00e9esse S.R.L. se charge \u00e9galement du volet technique. Si Communicatiebureau D\u00e9esse S.R.L. se charge de l\u2019aspect technique, elle s\u2019engage \u00e0 utiliser uniquement du mat\u00e9riel de haute qualit\u00e9 bien entretenu.<\/li>\n<li>Communicatiebureau D\u00e9esse S.R.L. est toutefois uniquement li\u00e9e par une obligation de moyens. Dans ce cadre, Communicatiebureau D\u00e9esse S.R.L. s\u2019engage \u00e0 fournir un service consid\u00e9r\u00e9 dans le secteur comme raisonnable et professionnel (utilisation de mat\u00e9riel bien entretenu et ad\u00e9quat, ordinateurs suffisamment puissants, une connexion filaire \u00e0 Internet et un casque-micro professionnel dot\u00e9 d\u2019un port USB pour l\u2019interpr\u00e9tation \u00e0 distance ainsi que la limitation maximale du bruit ambiant). Communicatiebureau D\u00e9esse S.R.L. ne peut toutefois pas \u00eatre tenue responsable des pannes techniques (dont notamment, sans que cette liste ne soit exhaustive, les perturbations de la connexion Internet, les pannes de l&#8217;ordinateur personnel ou d\u2019autres \u00e9quipements, le dysfonctionnement de la plateforme utilis\u00e9e, les bruits ambiants intempestifs en dehors de son contr\u00f4le). Si la qualit\u00e9 du son ou de l\u2019image emp\u00eache les interpr\u00e8tes de continuer la mission, ils ont le droit de le signaler et de suspendre l\u2019interpr\u00e9tation, sans que Communicatiebureau D\u00e9esse S.R.L. n&#8217;en soit tenue responsable.<\/li>\n<li>Si le client se charge lui-m\u00eame de l\u2019amplification sonore n\u00e9cessaire (micros et haut-parleurs pour les personnes qui n\u2019ont pas besoin des services d\u2019interpr\u00e9tation), Communicatiebureau D\u00e9esse S.R.L. ne peut \u00eatre tenue responsable de sa qualit\u00e9 et son technicien ne pourra pas non plus r\u00e9gler les \u00e9ventuels probl\u00e8mes rencontr\u00e9s avec ce mat\u00e9riel.<\/li>\n<li>Les prestations d&#8217;interpr\u00e9tation sont suppos\u00e9es \u00eatre fournies \u00e0 la fin de l&#8217;assembl\u00e9e ou de la r\u00e9union, lorsque les interpr\u00e8tes et\/ou les techniciens quittent le lieu de livraison de la mission.<\/li>\n<li>Les missions d&#8217;interpr\u00e9tation annul\u00e9es par le client apr\u00e8s l&#8217;acceptation et la confirmation de la commande, sont factur\u00e9es comme suit :<br \/>\n* annulation entre la confirmation de la mission et six jours ouvrables pr\u00e9c\u00e9dant le premier jour de la mission d\u2019interpr\u00e9tation : 50 % du montant pr\u00e9vu de la facture ;<br \/>\n* annulation dans les cinq jours ouvrables pr\u00e9c\u00e9dant le premier jour de la mission d\u2019interpr\u00e9tation : 100 % du montant pr\u00e9vu de la facture.<\/li>\n<li>Le vol, la perte ou l&#8217;endommagement du mat\u00e9riel livr\u00e9 qui ont lieu \u00e0 partir du moment o\u00f9 le mat\u00e9riel est transmis au client ou livr\u00e9 \u00e0 l&#8217;endroit des travaux, jusqu&#8217;\u00e0 ce que le mat\u00e9riel soit \u00e0 nouveau remis \u00e0 Communicatiebureau D\u00e9esse S.R.L. ou au tiers prestataire de services qui est propri\u00e9taire du mat\u00e9riel, sont enti\u00e8rement \u00e0 charge du client.<\/li>\n<li>Le client veille \u00e0 ce que les interpr\u00e8tes puissent toujours voir les orateurs et les pr\u00e9sentations utilis\u00e9es. En cas d\u2019interpr\u00e9tation \u00e0 distance, le client garantit \u00e9galement que les orateurs et les participants disposent d&#8217;un casque-micro pr\u00e9sentant une bonne qualit\u00e9 sonore, d\u2019une webcam et d&#8217;une connexion filaire \u00e0 Internet.<\/li>\n<li>Avant l\u2019ex\u00e9cution du contrat et d\u00e8s qu\u2019il en dispose, le client met \u00e0 la disposition de Communicatiebureau D\u00e9esse S.R.L. toutes les informations (ordre du jour, rapports, pr\u00e9sentations, textes, et cetera) utiles \u00e0 la bonne ex\u00e9cution de la prestation demand\u00e9e. Communicatiebureau D\u00e9esse S.R.L. sera pr\u00e9alablement inform\u00e9e de toute modification apport\u00e9e au programme ou \u00e0 l\u2019ordre du jour, afin qu\u2019elle puisse \u00e9valuer si ces modifications sont r\u00e9alisables, et\/ou si elles entra\u00eenent une adaptation tarifaire ou autre modification. Lorsque la mission se prolonge au-del\u00e0 du temps pr\u00e9alablement convenu, les heures suppl\u00e9mentaires entam\u00e9es peuvent \u00eatre factur\u00e9es conform\u00e9ment au tarif convenu ou, \u00e0 d\u00e9faut d\u2019accord, au tarif de 125 euros de l\u2019heure. Durant l\u2019ex\u00e9cution de la mission, le client s\u2019engage \u00e9galement \u00e0 fournir le plus rapidement possible les informations utiles afin que Communicatiebureau D\u00e9esse S.R.L. et ses interpr\u00e8tes puissent ex\u00e9cuter leur travail au mieux de leurs capacit\u00e9s.<\/li>\n<li>Le client est tenu de garantir Communicatiebureau D\u00e9esse S.R.L. contre tout recours de tiers d\u00e9coulant des ou li\u00e9s aux activit\u00e9s que Communicatiebureau D\u00e9esse S.R.L. et ses interpr\u00e8tes r\u00e9alisent pour le compte du client.<\/li>\n<li>Le cas \u00e9ch\u00e9ant et conform\u00e9ment \u00e0 l\u2019article 12 de la loi du 22\u00a0mars\u00a01986 sur le droit d&#8217;auteur, le client est r\u00e9put\u00e9 agir en qualit\u00e9 d\u2019auteur du texte \u00e0 interpr\u00e9ter et en autorise express\u00e9ment son interpr\u00e9tation.<\/li>\n<li>Communicatiebureau D\u00e9esse S.R.L. d\u00e9tient les droits d\u2019auteur de la prestation d\u2019interpr\u00e9tation.<\/li>\n<li>Il est interdit d\u2019enregistrer la prestation d\u2019interpr\u00e9tation par un moyen audio, vid\u00e9o ou d\u2019autres supports \u00e9lectroniques sans l\u2019accord pr\u00e9alable de Communicatiebureau D\u00e9esse S.R.L. Cela vaut \u00e9galement en cas d&#8217;interpr\u00e9tation livr\u00e9e par le biais d&#8217;une plateforme d&#8217;interpr\u00e9tation \u00e0 distance. Avant que Communicatiebureau D\u00e9esse S.R.L. ne consente \u00e0 l\u2019enregistrement de sa prestation, il convient de pr\u00e9ciser la finalit\u00e9 et l\u2019utilisation r\u00e9serv\u00e9es \u00e0 l\u2019enregistrement. Dans ce cadre, Communicatiebureau D\u00e9esse S.R.L. a le droit de demander une majoration de ses honoraires pour la valeur ajout\u00e9e que repr\u00e9sente l\u2019enregistrement.<\/li>\n<li>Dans tous les cas, la prestation d\u2019interpr\u00e9tation doit \u00eatre consid\u00e9r\u00e9e comme un outil favorisant la communication et aucun enregistrement ne pourra \u00eatre utilis\u00e9 pour remettre en cause l\u2019exactitude de l\u2019interpr\u00e9tation.<\/li>\n<\/ol>\n","protected":false},"excerpt":{"rendered":"<p>G\u00e9n\u00e9ralit\u00e9s Le montant de la facture doit \u00eatre transf\u00e9r\u00e9 sur le num\u00e9ro de compte mentionn\u00e9 sur la facture et ce au plus tard \u00e0 l&#8217;\u00e9ch\u00e9ance. D&#8217;autres modes de paiement doivent express\u00e9ment et pr\u00e9alablement \u00eatre approuv\u00e9s par Communicatiebureau D\u00e9esse S.R.L. Les \u00e9ventuels frais bancaires sont \u00e0 charge du client. Les plaintes doivent \u00eatre adress\u00e9es par lettre &hellip; <a href=\"https:\/\/www.eloquentia.biz\/fr\/conditions-generales\/\" class=\"more-link\">Continue reading<span class=\"screen-reader-text\"> &#8220;Conditions g\u00e9n\u00e9rales de vente&#8221;<\/span><\/a><\/p>\n","protected":false},"author":8,"featured_media":0,"parent":0,"menu_order":39,"comment_status":"open","ping_status":"open","template":"","meta":{"_s2mail":"yes"},"yoast_head":"<!-- This site is optimized with the Yoast SEO plugin v20.8 - https:\/\/yoast.com\/wordpress\/plugins\/seo\/ -->\n<title>Conditions g\u00e9n\u00e9rales de vente - Invitez la simplicit\u00e9 dans votre communication plurilingue<\/title>\n<meta name=\"robots\" content=\"index, follow, max-snippet:-1, max-image-preview:large, max-video-preview:-1\" \/>\n<link rel=\"canonical\" href=\"https:\/\/www.eloquentia.biz\/fr\/conditions-generales\/\" \/>\n<meta property=\"og:locale\" content=\"fr_FR\" \/>\n<meta property=\"og:type\" content=\"article\" \/>\n<meta property=\"og:title\" content=\"Conditions g\u00e9n\u00e9rales de vente - Invitez la simplicit\u00e9 dans votre communication plurilingue\" \/>\n<meta property=\"og:description\" content=\"G\u00e9n\u00e9ralit\u00e9s Le montant de la facture doit \u00eatre transf\u00e9r\u00e9 sur le num\u00e9ro de compte mentionn\u00e9 sur la facture et ce au plus tard \u00e0 l&#8217;\u00e9ch\u00e9ance. D&#8217;autres modes de paiement doivent express\u00e9ment et pr\u00e9alablement \u00eatre approuv\u00e9s par Communicatiebureau D\u00e9esse S.R.L. Les \u00e9ventuels frais bancaires sont \u00e0 charge du client. Les plaintes doivent \u00eatre adress\u00e9es par lettre &hellip; Continue reading &quot;Conditions g\u00e9n\u00e9rales de vente&quot;\" \/>\n<meta property=\"og:url\" content=\"https:\/\/www.eloquentia.biz\/fr\/conditions-generales\/\" \/>\n<meta property=\"og:site_name\" content=\"Invitez la simplicit\u00e9 dans votre communication plurilingue\" \/>\n<meta property=\"article:modified_time\" content=\"2020-08-31T14:31:16+00:00\" \/>\n<meta name=\"twitter:card\" content=\"summary_large_image\" \/>\n<meta name=\"twitter:label1\" content=\"Dur\u00e9e de lecture estim\u00e9e\" \/>\n\t<meta name=\"twitter:data1\" content=\"12 minutes\" \/>\n<script type=\"application\/ld+json\" class=\"yoast-schema-graph\">{\"@context\":\"https:\/\/schema.org\",\"@graph\":[{\"@type\":\"WebPage\",\"@id\":\"https:\/\/www.eloquentia.biz\/fr\/conditions-generales\/\",\"url\":\"https:\/\/www.eloquentia.biz\/fr\/conditions-generales\/\",\"name\":\"Conditions g\u00e9n\u00e9rales de vente - Invitez la simplicit\u00e9 dans votre communication plurilingue\",\"isPartOf\":{\"@id\":\"https:\/\/www.eloquentia.biz\/fr\/#website\"},\"datePublished\":\"2016-11-20T13:49:10+00:00\",\"dateModified\":\"2020-08-31T14:31:16+00:00\",\"breadcrumb\":{\"@id\":\"https:\/\/www.eloquentia.biz\/fr\/conditions-generales\/#breadcrumb\"},\"inLanguage\":\"fr-FR\",\"potentialAction\":[{\"@type\":\"ReadAction\",\"target\":[\"https:\/\/www.eloquentia.biz\/fr\/conditions-generales\/\"]}]},{\"@type\":\"BreadcrumbList\",\"@id\":\"https:\/\/www.eloquentia.biz\/fr\/conditions-generales\/#breadcrumb\",\"itemListElement\":[{\"@type\":\"ListItem\",\"position\":1,\"name\":\"Home\",\"item\":\"https:\/\/www.eloquentia.biz\/fr\/\"},{\"@type\":\"ListItem\",\"position\":2,\"name\":\"Conditions g\u00e9n\u00e9rales de vente\"}]},{\"@type\":\"WebSite\",\"@id\":\"https:\/\/www.eloquentia.biz\/fr\/#website\",\"url\":\"https:\/\/www.eloquentia.biz\/fr\/\",\"name\":\"Invitez la simplicit\u00e9 dans votre communication plurilingue\",\"description\":\"\",\"publisher\":{\"@id\":\"https:\/\/www.eloquentia.biz\/fr\/#organization\"},\"potentialAction\":[{\"@type\":\"SearchAction\",\"target\":{\"@type\":\"EntryPoint\",\"urlTemplate\":\"https:\/\/www.eloquentia.biz\/fr\/?s={search_term_string}\"},\"query-input\":\"required name=search_term_string\"}],\"inLanguage\":\"fr-FR\"},{\"@type\":\"Organization\",\"@id\":\"https:\/\/www.eloquentia.biz\/fr\/#organization\",\"name\":\"Invitez la simplicit\u00e9 dans votre communication plurilingue\",\"url\":\"https:\/\/www.eloquentia.biz\/fr\/\",\"logo\":{\"@type\":\"ImageObject\",\"inLanguage\":\"fr-FR\",\"@id\":\"https:\/\/www.eloquentia.biz\/fr\/#\/schema\/logo\/image\/\",\"url\":\"https:\/\/www.eloquentia.biz\/wp-content\/uploads\/2020\/11\/cropped-logo_eloquentia-transparant-2-1.png\",\"contentUrl\":\"https:\/\/www.eloquentia.biz\/wp-content\/uploads\/2020\/11\/cropped-logo_eloquentia-transparant-2-1.png\",\"width\":240,\"height\":77,\"caption\":\"Invitez la simplicit\u00e9 dans votre communication plurilingue\"},\"image\":{\"@id\":\"https:\/\/www.eloquentia.biz\/fr\/#\/schema\/logo\/image\/\"}}]}<\/script>\n<!-- \/ Yoast SEO plugin. -->","yoast_head_json":{"title":"Conditions g\u00e9n\u00e9rales de vente - Invitez la simplicit\u00e9 dans votre communication plurilingue","robots":{"index":"index","follow":"follow","max-snippet":"max-snippet:-1","max-image-preview":"max-image-preview:large","max-video-preview":"max-video-preview:-1"},"canonical":"https:\/\/www.eloquentia.biz\/fr\/conditions-generales\/","og_locale":"fr_FR","og_type":"article","og_title":"Conditions g\u00e9n\u00e9rales de vente - Invitez la simplicit\u00e9 dans votre communication plurilingue","og_description":"G\u00e9n\u00e9ralit\u00e9s Le montant de la facture doit \u00eatre transf\u00e9r\u00e9 sur le num\u00e9ro de compte mentionn\u00e9 sur la facture et ce au plus tard \u00e0 l&#8217;\u00e9ch\u00e9ance. D&#8217;autres modes de paiement doivent express\u00e9ment et pr\u00e9alablement \u00eatre approuv\u00e9s par Communicatiebureau D\u00e9esse S.R.L. Les \u00e9ventuels frais bancaires sont \u00e0 charge du client. Les plaintes doivent \u00eatre adress\u00e9es par lettre &hellip; Continue reading \"Conditions g\u00e9n\u00e9rales de vente\"","og_url":"https:\/\/www.eloquentia.biz\/fr\/conditions-generales\/","og_site_name":"Invitez la simplicit\u00e9 dans votre communication plurilingue","article_modified_time":"2020-08-31T14:31:16+00:00","twitter_card":"summary_large_image","twitter_misc":{"Dur\u00e9e de lecture estim\u00e9e":"12 minutes"},"schema":{"@context":"https:\/\/schema.org","@graph":[{"@type":"WebPage","@id":"https:\/\/www.eloquentia.biz\/fr\/conditions-generales\/","url":"https:\/\/www.eloquentia.biz\/fr\/conditions-generales\/","name":"Conditions g\u00e9n\u00e9rales de vente - Invitez la simplicit\u00e9 dans votre communication plurilingue","isPartOf":{"@id":"https:\/\/www.eloquentia.biz\/fr\/#website"},"datePublished":"2016-11-20T13:49:10+00:00","dateModified":"2020-08-31T14:31:16+00:00","breadcrumb":{"@id":"https:\/\/www.eloquentia.biz\/fr\/conditions-generales\/#breadcrumb"},"inLanguage":"fr-FR","potentialAction":[{"@type":"ReadAction","target":["https:\/\/www.eloquentia.biz\/fr\/conditions-generales\/"]}]},{"@type":"BreadcrumbList","@id":"https:\/\/www.eloquentia.biz\/fr\/conditions-generales\/#breadcrumb","itemListElement":[{"@type":"ListItem","position":1,"name":"Home","item":"https:\/\/www.eloquentia.biz\/fr\/"},{"@type":"ListItem","position":2,"name":"Conditions g\u00e9n\u00e9rales de vente"}]},{"@type":"WebSite","@id":"https:\/\/www.eloquentia.biz\/fr\/#website","url":"https:\/\/www.eloquentia.biz\/fr\/","name":"Invitez la simplicit\u00e9 dans votre communication plurilingue","description":"","publisher":{"@id":"https:\/\/www.eloquentia.biz\/fr\/#organization"},"potentialAction":[{"@type":"SearchAction","target":{"@type":"EntryPoint","urlTemplate":"https:\/\/www.eloquentia.biz\/fr\/?s={search_term_string}"},"query-input":"required name=search_term_string"}],"inLanguage":"fr-FR"},{"@type":"Organization","@id":"https:\/\/www.eloquentia.biz\/fr\/#organization","name":"Invitez la simplicit\u00e9 dans votre communication plurilingue","url":"https:\/\/www.eloquentia.biz\/fr\/","logo":{"@type":"ImageObject","inLanguage":"fr-FR","@id":"https:\/\/www.eloquentia.biz\/fr\/#\/schema\/logo\/image\/","url":"https:\/\/www.eloquentia.biz\/wp-content\/uploads\/2020\/11\/cropped-logo_eloquentia-transparant-2-1.png","contentUrl":"https:\/\/www.eloquentia.biz\/wp-content\/uploads\/2020\/11\/cropped-logo_eloquentia-transparant-2-1.png","width":240,"height":77,"caption":"Invitez la simplicit\u00e9 dans votre communication plurilingue"},"image":{"@id":"https:\/\/www.eloquentia.biz\/fr\/#\/schema\/logo\/image\/"}}]}},"_links":{"self":[{"href":"https:\/\/www.eloquentia.biz\/fr\/wp-json\/wp\/v2\/pages\/1326"}],"collection":[{"href":"https:\/\/www.eloquentia.biz\/fr\/wp-json\/wp\/v2\/pages"}],"about":[{"href":"https:\/\/www.eloquentia.biz\/fr\/wp-json\/wp\/v2\/types\/page"}],"author":[{"embeddable":true,"href":"https:\/\/www.eloquentia.biz\/fr\/wp-json\/wp\/v2\/users\/8"}],"replies":[{"embeddable":true,"href":"https:\/\/www.eloquentia.biz\/fr\/wp-json\/wp\/v2\/comments?post=1326"}],"version-history":[{"count":0,"href":"https:\/\/www.eloquentia.biz\/fr\/wp-json\/wp\/v2\/pages\/1326\/revisions"}],"wp:attachment":[{"href":"https:\/\/www.eloquentia.biz\/fr\/wp-json\/wp\/v2\/media?parent=1326"}],"curies":[{"name":"wp","href":"https:\/\/api.w.org\/{rel}","templated":true}]}}