{"id":1322,"date":"2016-11-20T14:44:36","date_gmt":"2016-11-20T13:44:36","guid":{"rendered":"http:\/\/www.makingpages.be\/ontwikkeling\/dscom_new\/cms\/fr\/?page_id=1322"},"modified":"2017-08-02T14:39:19","modified_gmt":"2017-08-02T13:39:19","slug":"interprete","status":"publish","type":"page","link":"https:\/\/www.eloquentia.biz\/fr\/interprete\/","title":{"rendered":"Interpr\u00e8te"},"content":{"rendered":"<p>Les personnes ne ma\u00eetrisant pas la langue de leur interlocuteur qui veulent toutefois garantir une bonne entente mutuelle peuvent faire appel \u00e0 un <strong>interpr\u00e8te<\/strong>, qui transposera fid\u00e8lement les propos oraux d\u2019un orateur dans une autre langue.<\/p>\n<p>Un <strong>interpr\u00e8te<\/strong> (ou une \u00e9quipe d\u2019interpr\u00e8tes) est souvent appel\u00e9 lors de r\u00e9unions, rassemblements ou congr\u00e8s internationaux, comme des conseils d\u2019entreprise europ\u00e9ens ou des conf\u00e9rences sur l\u2019aide au d\u00e9veloppement.<\/p>\n<p>L&#8217;<strong>interpr\u00e8te<\/strong> peut, \u00e0 partir d\u2019une cabine et avec un retard de quelques secondes seulement, dire exactement la m\u00eame chose que l\u2019orateur, avec les m\u00eames nuances, mais dans une autre langue.<\/p>\n<p>Cela \u00e9vite de retarder inutilement le cours du rassemblement en raison de probl\u00e8mes linguistiques. Ne laissez rien au hasard et demandez un <strong>interpr\u00e8te\u00a0<\/strong>!<\/p>\n","protected":false},"excerpt":{"rendered":"<p>Les personnes ne ma\u00eetrisant pas la langue de leur interlocuteur qui veulent toutefois garantir une bonne entente mutuelle peuvent faire appel \u00e0 un interpr\u00e8te, qui transposera fid\u00e8lement les propos oraux d\u2019un orateur dans une autre langue. Un interpr\u00e8te (ou une \u00e9quipe d\u2019interpr\u00e8tes) est souvent appel\u00e9 lors de r\u00e9unions, rassemblements ou congr\u00e8s internationaux, comme des conseils &hellip; <a href=\"https:\/\/www.eloquentia.biz\/fr\/interprete\/\" class=\"more-link\">Continue reading<span class=\"screen-reader-text\"> &#8220;Interpr\u00e8te&#8221;<\/span><\/a><\/p>\n","protected":false},"author":8,"featured_media":0,"parent":0,"menu_order":17,"comment_status":"closed","ping_status":"closed","template":"","meta":{"_s2mail":"yes"},"yoast_head":"<!-- This site is optimized with the Yoast SEO plugin v20.8 - https:\/\/yoast.com\/wordpress\/plugins\/seo\/ -->\n<title>Interpr\u00e8te - Invitez la simplicit\u00e9 dans votre communication plurilingue<\/title>\n<meta name=\"robots\" content=\"index, follow, max-snippet:-1, max-image-preview:large, max-video-preview:-1\" \/>\n<link rel=\"canonical\" href=\"https:\/\/www.eloquentia.biz\/fr\/interprete\/\" \/>\n<meta property=\"og:locale\" content=\"fr_FR\" \/>\n<meta property=\"og:type\" content=\"article\" \/>\n<meta property=\"og:title\" content=\"Interpr\u00e8te - Invitez la simplicit\u00e9 dans votre communication plurilingue\" \/>\n<meta property=\"og:description\" content=\"Les personnes ne ma\u00eetrisant pas la langue de leur interlocuteur qui veulent toutefois garantir une bonne entente mutuelle peuvent faire appel \u00e0 un interpr\u00e8te, qui transposera fid\u00e8lement les propos oraux d\u2019un orateur dans une autre langue. Un interpr\u00e8te (ou une \u00e9quipe d\u2019interpr\u00e8tes) est souvent appel\u00e9 lors de r\u00e9unions, rassemblements ou congr\u00e8s internationaux, comme des conseils &hellip; Continue reading &quot;Interpr\u00e8te&quot;\" \/>\n<meta property=\"og:url\" content=\"https:\/\/www.eloquentia.biz\/fr\/interprete\/\" \/>\n<meta property=\"og:site_name\" content=\"Invitez la simplicit\u00e9 dans votre communication plurilingue\" \/>\n<meta property=\"article:modified_time\" content=\"2017-08-02T13:39:19+00:00\" \/>\n<meta name=\"twitter:card\" content=\"summary_large_image\" \/>\n<meta name=\"twitter:label1\" content=\"Dur\u00e9e de lecture estim\u00e9e\" \/>\n\t<meta name=\"twitter:data1\" content=\"1 minute\" \/>\n<script type=\"application\/ld+json\" class=\"yoast-schema-graph\">{\"@context\":\"https:\/\/schema.org\",\"@graph\":[{\"@type\":\"WebPage\",\"@id\":\"https:\/\/www.eloquentia.biz\/fr\/interprete\/\",\"url\":\"https:\/\/www.eloquentia.biz\/fr\/interprete\/\",\"name\":\"Interpr\u00e8te - Invitez la simplicit\u00e9 dans votre communication plurilingue\",\"isPartOf\":{\"@id\":\"https:\/\/www.eloquentia.biz\/fr\/#website\"},\"datePublished\":\"2016-11-20T13:44:36+00:00\",\"dateModified\":\"2017-08-02T13:39:19+00:00\",\"breadcrumb\":{\"@id\":\"https:\/\/www.eloquentia.biz\/fr\/interprete\/#breadcrumb\"},\"inLanguage\":\"fr-FR\",\"potentialAction\":[{\"@type\":\"ReadAction\",\"target\":[\"https:\/\/www.eloquentia.biz\/fr\/interprete\/\"]}]},{\"@type\":\"BreadcrumbList\",\"@id\":\"https:\/\/www.eloquentia.biz\/fr\/interprete\/#breadcrumb\",\"itemListElement\":[{\"@type\":\"ListItem\",\"position\":1,\"name\":\"Home\",\"item\":\"https:\/\/www.eloquentia.biz\/fr\/\"},{\"@type\":\"ListItem\",\"position\":2,\"name\":\"Interpr\u00e8te\"}]},{\"@type\":\"WebSite\",\"@id\":\"https:\/\/www.eloquentia.biz\/fr\/#website\",\"url\":\"https:\/\/www.eloquentia.biz\/fr\/\",\"name\":\"Invitez la simplicit\u00e9 dans votre communication plurilingue\",\"description\":\"\",\"publisher\":{\"@id\":\"https:\/\/www.eloquentia.biz\/fr\/#organization\"},\"potentialAction\":[{\"@type\":\"SearchAction\",\"target\":{\"@type\":\"EntryPoint\",\"urlTemplate\":\"https:\/\/www.eloquentia.biz\/fr\/?s={search_term_string}\"},\"query-input\":\"required name=search_term_string\"}],\"inLanguage\":\"fr-FR\"},{\"@type\":\"Organization\",\"@id\":\"https:\/\/www.eloquentia.biz\/fr\/#organization\",\"name\":\"Invitez la simplicit\u00e9 dans votre communication plurilingue\",\"url\":\"https:\/\/www.eloquentia.biz\/fr\/\",\"logo\":{\"@type\":\"ImageObject\",\"inLanguage\":\"fr-FR\",\"@id\":\"https:\/\/www.eloquentia.biz\/fr\/#\/schema\/logo\/image\/\",\"url\":\"https:\/\/www.eloquentia.biz\/wp-content\/uploads\/2020\/11\/cropped-logo_eloquentia-transparant-2-1.png\",\"contentUrl\":\"https:\/\/www.eloquentia.biz\/wp-content\/uploads\/2020\/11\/cropped-logo_eloquentia-transparant-2-1.png\",\"width\":240,\"height\":77,\"caption\":\"Invitez la simplicit\u00e9 dans votre communication plurilingue\"},\"image\":{\"@id\":\"https:\/\/www.eloquentia.biz\/fr\/#\/schema\/logo\/image\/\"}}]}<\/script>\n<!-- \/ Yoast SEO plugin. -->","yoast_head_json":{"title":"Interpr\u00e8te - Invitez la simplicit\u00e9 dans votre communication plurilingue","robots":{"index":"index","follow":"follow","max-snippet":"max-snippet:-1","max-image-preview":"max-image-preview:large","max-video-preview":"max-video-preview:-1"},"canonical":"https:\/\/www.eloquentia.biz\/fr\/interprete\/","og_locale":"fr_FR","og_type":"article","og_title":"Interpr\u00e8te - Invitez la simplicit\u00e9 dans votre communication plurilingue","og_description":"Les personnes ne ma\u00eetrisant pas la langue de leur interlocuteur qui veulent toutefois garantir une bonne entente mutuelle peuvent faire appel \u00e0 un interpr\u00e8te, qui transposera fid\u00e8lement les propos oraux d\u2019un orateur dans une autre langue. Un interpr\u00e8te (ou une \u00e9quipe d\u2019interpr\u00e8tes) est souvent appel\u00e9 lors de r\u00e9unions, rassemblements ou congr\u00e8s internationaux, comme des conseils &hellip; Continue reading \"Interpr\u00e8te\"","og_url":"https:\/\/www.eloquentia.biz\/fr\/interprete\/","og_site_name":"Invitez la simplicit\u00e9 dans votre communication plurilingue","article_modified_time":"2017-08-02T13:39:19+00:00","twitter_card":"summary_large_image","twitter_misc":{"Dur\u00e9e de lecture estim\u00e9e":"1 minute"},"schema":{"@context":"https:\/\/schema.org","@graph":[{"@type":"WebPage","@id":"https:\/\/www.eloquentia.biz\/fr\/interprete\/","url":"https:\/\/www.eloquentia.biz\/fr\/interprete\/","name":"Interpr\u00e8te - Invitez la simplicit\u00e9 dans votre communication plurilingue","isPartOf":{"@id":"https:\/\/www.eloquentia.biz\/fr\/#website"},"datePublished":"2016-11-20T13:44:36+00:00","dateModified":"2017-08-02T13:39:19+00:00","breadcrumb":{"@id":"https:\/\/www.eloquentia.biz\/fr\/interprete\/#breadcrumb"},"inLanguage":"fr-FR","potentialAction":[{"@type":"ReadAction","target":["https:\/\/www.eloquentia.biz\/fr\/interprete\/"]}]},{"@type":"BreadcrumbList","@id":"https:\/\/www.eloquentia.biz\/fr\/interprete\/#breadcrumb","itemListElement":[{"@type":"ListItem","position":1,"name":"Home","item":"https:\/\/www.eloquentia.biz\/fr\/"},{"@type":"ListItem","position":2,"name":"Interpr\u00e8te"}]},{"@type":"WebSite","@id":"https:\/\/www.eloquentia.biz\/fr\/#website","url":"https:\/\/www.eloquentia.biz\/fr\/","name":"Invitez la simplicit\u00e9 dans votre communication plurilingue","description":"","publisher":{"@id":"https:\/\/www.eloquentia.biz\/fr\/#organization"},"potentialAction":[{"@type":"SearchAction","target":{"@type":"EntryPoint","urlTemplate":"https:\/\/www.eloquentia.biz\/fr\/?s={search_term_string}"},"query-input":"required name=search_term_string"}],"inLanguage":"fr-FR"},{"@type":"Organization","@id":"https:\/\/www.eloquentia.biz\/fr\/#organization","name":"Invitez la simplicit\u00e9 dans votre communication plurilingue","url":"https:\/\/www.eloquentia.biz\/fr\/","logo":{"@type":"ImageObject","inLanguage":"fr-FR","@id":"https:\/\/www.eloquentia.biz\/fr\/#\/schema\/logo\/image\/","url":"https:\/\/www.eloquentia.biz\/wp-content\/uploads\/2020\/11\/cropped-logo_eloquentia-transparant-2-1.png","contentUrl":"https:\/\/www.eloquentia.biz\/wp-content\/uploads\/2020\/11\/cropped-logo_eloquentia-transparant-2-1.png","width":240,"height":77,"caption":"Invitez la simplicit\u00e9 dans votre communication plurilingue"},"image":{"@id":"https:\/\/www.eloquentia.biz\/fr\/#\/schema\/logo\/image\/"}}]}},"_links":{"self":[{"href":"https:\/\/www.eloquentia.biz\/fr\/wp-json\/wp\/v2\/pages\/1322"}],"collection":[{"href":"https:\/\/www.eloquentia.biz\/fr\/wp-json\/wp\/v2\/pages"}],"about":[{"href":"https:\/\/www.eloquentia.biz\/fr\/wp-json\/wp\/v2\/types\/page"}],"author":[{"embeddable":true,"href":"https:\/\/www.eloquentia.biz\/fr\/wp-json\/wp\/v2\/users\/8"}],"replies":[{"embeddable":true,"href":"https:\/\/www.eloquentia.biz\/fr\/wp-json\/wp\/v2\/comments?post=1322"}],"version-history":[{"count":0,"href":"https:\/\/www.eloquentia.biz\/fr\/wp-json\/wp\/v2\/pages\/1322\/revisions"}],"wp:attachment":[{"href":"https:\/\/www.eloquentia.biz\/fr\/wp-json\/wp\/v2\/media?parent=1322"}],"curies":[{"name":"wp","href":"https:\/\/api.w.org\/{rel}","templated":true}]}}