{"id":1304,"date":"2016-11-20T14:18:52","date_gmt":"2016-11-20T13:18:52","guid":{"rendered":"http:\/\/www.makingpages.be\/ontwikkeling\/dscom_new\/cms\/fr\/?page_id=1304"},"modified":"2017-08-02T14:33:40","modified_gmt":"2017-08-02T13:33:40","slug":"prestation-de-services-integrale","status":"publish","type":"page","link":"https:\/\/www.eloquentia.biz\/fr\/prestation-de-services-integrale\/","title":{"rendered":"Prestation de services int\u00e9grale"},"content":{"rendered":"<h2>Location d\u2019\u00e9quipement d\u2019interpr\u00e9tation<\/h2>\n<p>Nos interpr\u00e8tes peuvent \u00eatre d\u00e9ploy\u00e9s de diff\u00e9rentes mani\u00e8res. L\u2019interpr\u00e9tation cons\u00e9cutive ne requiert pas d\u2019\u00e9quipement d\u2019interpr\u00e9tation. Le chuchotage non plus d\u2019ailleurs, car les interpr\u00e8tes chuchotent leur interpr\u00e9tation directement dans l\u2019oreille du public.<\/p>\n<p>En revanche, les autres modes d\u2019interpr\u00e9tation requi\u00e8rent un \u00e9quipement d\u2019interpr\u00e9tation. Mais pas de soucis\u00a0! D\u00e9esse dispose de l\u2019\u00e9quipement et des interpr\u00e8tes n\u00e9cessaires pour mener votre mission \u00e0 bien\u00a0: des cabines de traduction, des bidules (Sennheiser Tourguide), des amplificateurs de son, des micros, des casques, etc. D\u00e9esse fournit du mat\u00e9riel certifi\u00e9 ISO de haute qualit\u00e9 en combinaison avec le support technique requis afin qu\u2019aucune r\u00e9union ni conf\u00e9rence ne doive \u00eatre interrompue pour cause de probl\u00e8mes techniques.<\/p>\n<p>Vous ne savez plus o\u00f9 donner de la t\u00eate\u00a0? D\u00e9esse a d\u00e9velopp\u00e9 un guide qui vous permettra de vous faire une id\u00e9e du mode d\u2019interpr\u00e9tation le plus adapt\u00e9 et de l\u2019\u00e9quipement d\u2019interpr\u00e9tation n\u00e9cessaire. Vous pouvez bien s\u00fbr vous adresser directement \u00e0 nos interpr\u00e8tes-conseils. Ils examineront avec vous l\u2019approche indiqu\u00e9e pour votre r\u00e9union. Vous trouverez nos coordonn\u00e9es dans le coin inf\u00e9rieur droit de la page.<\/p>\n<h2>Publication assist\u00e9e par ordinateur<\/h2>\n<p>Outre la r\u00e9daction, la r\u00e9vision et la traduction de documents, nous pouvons \u00e9galement nous charger d\u2019une mise en page attrayante. Un texte bien \u00e9crit est un atout, mais s\u2019il est en plus un plaisir pour les yeux du lecteur, c\u2019est un succ\u00e8s assur\u00e9. Manuels, brochures, invitations\u2026 D\u00e9esse \u00e9labore tous les documents sur mesure et selon vos souhaits.<\/p>\n","protected":false},"excerpt":{"rendered":"<p>Location d\u2019\u00e9quipement d\u2019interpr\u00e9tation Nos interpr\u00e8tes peuvent \u00eatre d\u00e9ploy\u00e9s de diff\u00e9rentes mani\u00e8res. L\u2019interpr\u00e9tation cons\u00e9cutive ne requiert pas d\u2019\u00e9quipement d\u2019interpr\u00e9tation. Le chuchotage non plus d\u2019ailleurs, car les interpr\u00e8tes chuchotent leur interpr\u00e9tation directement dans l\u2019oreille du public. En revanche, les autres modes d\u2019interpr\u00e9tation requi\u00e8rent un \u00e9quipement d\u2019interpr\u00e9tation. Mais pas de soucis\u00a0! D\u00e9esse dispose de l\u2019\u00e9quipement et des interpr\u00e8tes &hellip; <a href=\"https:\/\/www.eloquentia.biz\/fr\/prestation-de-services-integrale\/\" class=\"more-link\">Continue reading<span class=\"screen-reader-text\"> &#8220;Prestation de services int\u00e9grale&#8221;<\/span><\/a><\/p>\n","protected":false},"author":8,"featured_media":0,"parent":0,"menu_order":1,"comment_status":"open","ping_status":"closed","template":"","meta":{"_s2mail":"yes"},"yoast_head":"<!-- This site is optimized with the Yoast SEO plugin v20.8 - https:\/\/yoast.com\/wordpress\/plugins\/seo\/ -->\n<title>Prestation de services int\u00e9grale - Invitez la simplicit\u00e9 dans votre communication plurilingue<\/title>\n<meta name=\"description\" content=\"Nos interpr\u00e8tes peuvent \u00eatre d\u00e9ploy\u00e9s de diff\u00e9rentes mani\u00e8res. L\u2019interpr\u00e9tation cons\u00e9cutive ne requiert pas d\u2019\u00e9quipement d\u2019interpr\u00e9tation.\" \/>\n<meta name=\"robots\" content=\"index, follow, max-snippet:-1, max-image-preview:large, max-video-preview:-1\" \/>\n<link rel=\"canonical\" href=\"https:\/\/www.eloquentia.biz\/fr\/prestation-de-services-integrale\/\" \/>\n<meta property=\"og:locale\" content=\"fr_FR\" \/>\n<meta property=\"og:type\" content=\"article\" \/>\n<meta property=\"og:title\" content=\"Prestation de services int\u00e9grale - Invitez la simplicit\u00e9 dans votre communication plurilingue\" \/>\n<meta property=\"og:description\" content=\"Nos interpr\u00e8tes peuvent \u00eatre d\u00e9ploy\u00e9s de diff\u00e9rentes mani\u00e8res. L\u2019interpr\u00e9tation cons\u00e9cutive ne requiert pas d\u2019\u00e9quipement d\u2019interpr\u00e9tation.\" \/>\n<meta property=\"og:url\" content=\"https:\/\/www.eloquentia.biz\/fr\/prestation-de-services-integrale\/\" \/>\n<meta property=\"og:site_name\" content=\"Invitez la simplicit\u00e9 dans votre communication plurilingue\" \/>\n<meta property=\"article:modified_time\" content=\"2017-08-02T13:33:40+00:00\" \/>\n<meta name=\"twitter:card\" content=\"summary_large_image\" \/>\n<meta name=\"twitter:label1\" content=\"Dur\u00e9e de lecture estim\u00e9e\" \/>\n\t<meta name=\"twitter:data1\" content=\"1 minute\" \/>\n<script type=\"application\/ld+json\" class=\"yoast-schema-graph\">{\"@context\":\"https:\/\/schema.org\",\"@graph\":[{\"@type\":\"WebPage\",\"@id\":\"https:\/\/www.eloquentia.biz\/fr\/prestation-de-services-integrale\/\",\"url\":\"https:\/\/www.eloquentia.biz\/fr\/prestation-de-services-integrale\/\",\"name\":\"Prestation de services int\u00e9grale - Invitez la simplicit\u00e9 dans votre communication plurilingue\",\"isPartOf\":{\"@id\":\"https:\/\/www.eloquentia.biz\/fr\/#website\"},\"datePublished\":\"2016-11-20T13:18:52+00:00\",\"dateModified\":\"2017-08-02T13:33:40+00:00\",\"description\":\"Nos interpr\u00e8tes peuvent \u00eatre d\u00e9ploy\u00e9s de diff\u00e9rentes mani\u00e8res. L\u2019interpr\u00e9tation cons\u00e9cutive ne requiert pas d\u2019\u00e9quipement d\u2019interpr\u00e9tation.\",\"breadcrumb\":{\"@id\":\"https:\/\/www.eloquentia.biz\/fr\/prestation-de-services-integrale\/#breadcrumb\"},\"inLanguage\":\"fr-FR\",\"potentialAction\":[{\"@type\":\"ReadAction\",\"target\":[\"https:\/\/www.eloquentia.biz\/fr\/prestation-de-services-integrale\/\"]}]},{\"@type\":\"BreadcrumbList\",\"@id\":\"https:\/\/www.eloquentia.biz\/fr\/prestation-de-services-integrale\/#breadcrumb\",\"itemListElement\":[{\"@type\":\"ListItem\",\"position\":1,\"name\":\"Home\",\"item\":\"https:\/\/www.eloquentia.biz\/fr\/\"},{\"@type\":\"ListItem\",\"position\":2,\"name\":\"Prestation de services int\u00e9grale\"}]},{\"@type\":\"WebSite\",\"@id\":\"https:\/\/www.eloquentia.biz\/fr\/#website\",\"url\":\"https:\/\/www.eloquentia.biz\/fr\/\",\"name\":\"Invitez la simplicit\u00e9 dans votre communication plurilingue\",\"description\":\"\",\"publisher\":{\"@id\":\"https:\/\/www.eloquentia.biz\/fr\/#organization\"},\"potentialAction\":[{\"@type\":\"SearchAction\",\"target\":{\"@type\":\"EntryPoint\",\"urlTemplate\":\"https:\/\/www.eloquentia.biz\/fr\/?s={search_term_string}\"},\"query-input\":\"required name=search_term_string\"}],\"inLanguage\":\"fr-FR\"},{\"@type\":\"Organization\",\"@id\":\"https:\/\/www.eloquentia.biz\/fr\/#organization\",\"name\":\"Invitez la simplicit\u00e9 dans votre communication plurilingue\",\"url\":\"https:\/\/www.eloquentia.biz\/fr\/\",\"logo\":{\"@type\":\"ImageObject\",\"inLanguage\":\"fr-FR\",\"@id\":\"https:\/\/www.eloquentia.biz\/fr\/#\/schema\/logo\/image\/\",\"url\":\"https:\/\/www.eloquentia.biz\/wp-content\/uploads\/2020\/11\/cropped-logo_eloquentia-transparant-2-1.png\",\"contentUrl\":\"https:\/\/www.eloquentia.biz\/wp-content\/uploads\/2020\/11\/cropped-logo_eloquentia-transparant-2-1.png\",\"width\":240,\"height\":77,\"caption\":\"Invitez la simplicit\u00e9 dans votre communication plurilingue\"},\"image\":{\"@id\":\"https:\/\/www.eloquentia.biz\/fr\/#\/schema\/logo\/image\/\"}}]}<\/script>\n<!-- \/ Yoast SEO plugin. -->","yoast_head_json":{"title":"Prestation de services int\u00e9grale - Invitez la simplicit\u00e9 dans votre communication plurilingue","description":"Nos interpr\u00e8tes peuvent \u00eatre d\u00e9ploy\u00e9s de diff\u00e9rentes mani\u00e8res. L\u2019interpr\u00e9tation cons\u00e9cutive ne requiert pas d\u2019\u00e9quipement d\u2019interpr\u00e9tation.","robots":{"index":"index","follow":"follow","max-snippet":"max-snippet:-1","max-image-preview":"max-image-preview:large","max-video-preview":"max-video-preview:-1"},"canonical":"https:\/\/www.eloquentia.biz\/fr\/prestation-de-services-integrale\/","og_locale":"fr_FR","og_type":"article","og_title":"Prestation de services int\u00e9grale - Invitez la simplicit\u00e9 dans votre communication plurilingue","og_description":"Nos interpr\u00e8tes peuvent \u00eatre d\u00e9ploy\u00e9s de diff\u00e9rentes mani\u00e8res. L\u2019interpr\u00e9tation cons\u00e9cutive ne requiert pas d\u2019\u00e9quipement d\u2019interpr\u00e9tation.","og_url":"https:\/\/www.eloquentia.biz\/fr\/prestation-de-services-integrale\/","og_site_name":"Invitez la simplicit\u00e9 dans votre communication plurilingue","article_modified_time":"2017-08-02T13:33:40+00:00","twitter_card":"summary_large_image","twitter_misc":{"Dur\u00e9e de lecture estim\u00e9e":"1 minute"},"schema":{"@context":"https:\/\/schema.org","@graph":[{"@type":"WebPage","@id":"https:\/\/www.eloquentia.biz\/fr\/prestation-de-services-integrale\/","url":"https:\/\/www.eloquentia.biz\/fr\/prestation-de-services-integrale\/","name":"Prestation de services int\u00e9grale - Invitez la simplicit\u00e9 dans votre communication plurilingue","isPartOf":{"@id":"https:\/\/www.eloquentia.biz\/fr\/#website"},"datePublished":"2016-11-20T13:18:52+00:00","dateModified":"2017-08-02T13:33:40+00:00","description":"Nos interpr\u00e8tes peuvent \u00eatre d\u00e9ploy\u00e9s de diff\u00e9rentes mani\u00e8res. L\u2019interpr\u00e9tation cons\u00e9cutive ne requiert pas d\u2019\u00e9quipement d\u2019interpr\u00e9tation.","breadcrumb":{"@id":"https:\/\/www.eloquentia.biz\/fr\/prestation-de-services-integrale\/#breadcrumb"},"inLanguage":"fr-FR","potentialAction":[{"@type":"ReadAction","target":["https:\/\/www.eloquentia.biz\/fr\/prestation-de-services-integrale\/"]}]},{"@type":"BreadcrumbList","@id":"https:\/\/www.eloquentia.biz\/fr\/prestation-de-services-integrale\/#breadcrumb","itemListElement":[{"@type":"ListItem","position":1,"name":"Home","item":"https:\/\/www.eloquentia.biz\/fr\/"},{"@type":"ListItem","position":2,"name":"Prestation de services int\u00e9grale"}]},{"@type":"WebSite","@id":"https:\/\/www.eloquentia.biz\/fr\/#website","url":"https:\/\/www.eloquentia.biz\/fr\/","name":"Invitez la simplicit\u00e9 dans votre communication plurilingue","description":"","publisher":{"@id":"https:\/\/www.eloquentia.biz\/fr\/#organization"},"potentialAction":[{"@type":"SearchAction","target":{"@type":"EntryPoint","urlTemplate":"https:\/\/www.eloquentia.biz\/fr\/?s={search_term_string}"},"query-input":"required name=search_term_string"}],"inLanguage":"fr-FR"},{"@type":"Organization","@id":"https:\/\/www.eloquentia.biz\/fr\/#organization","name":"Invitez la simplicit\u00e9 dans votre communication plurilingue","url":"https:\/\/www.eloquentia.biz\/fr\/","logo":{"@type":"ImageObject","inLanguage":"fr-FR","@id":"https:\/\/www.eloquentia.biz\/fr\/#\/schema\/logo\/image\/","url":"https:\/\/www.eloquentia.biz\/wp-content\/uploads\/2020\/11\/cropped-logo_eloquentia-transparant-2-1.png","contentUrl":"https:\/\/www.eloquentia.biz\/wp-content\/uploads\/2020\/11\/cropped-logo_eloquentia-transparant-2-1.png","width":240,"height":77,"caption":"Invitez la simplicit\u00e9 dans votre communication plurilingue"},"image":{"@id":"https:\/\/www.eloquentia.biz\/fr\/#\/schema\/logo\/image\/"}}]}},"_links":{"self":[{"href":"https:\/\/www.eloquentia.biz\/fr\/wp-json\/wp\/v2\/pages\/1304"}],"collection":[{"href":"https:\/\/www.eloquentia.biz\/fr\/wp-json\/wp\/v2\/pages"}],"about":[{"href":"https:\/\/www.eloquentia.biz\/fr\/wp-json\/wp\/v2\/types\/page"}],"author":[{"embeddable":true,"href":"https:\/\/www.eloquentia.biz\/fr\/wp-json\/wp\/v2\/users\/8"}],"replies":[{"embeddable":true,"href":"https:\/\/www.eloquentia.biz\/fr\/wp-json\/wp\/v2\/comments?post=1304"}],"version-history":[{"count":0,"href":"https:\/\/www.eloquentia.biz\/fr\/wp-json\/wp\/v2\/pages\/1304\/revisions"}],"wp:attachment":[{"href":"https:\/\/www.eloquentia.biz\/fr\/wp-json\/wp\/v2\/media?parent=1304"}],"curies":[{"name":"wp","href":"https:\/\/api.w.org\/{rel}","templated":true}]}}